{"id":985,"date":"2024-03-14T13:21:54","date_gmt":"2024-03-14T12:21:54","guid":{"rendered":"https:\/\/finascrap.pl\/?post_type=product&#038;p=985"},"modified":"2026-01-10T19:27:46","modified_gmt":"2026-01-10T18:27:46","slug":"magnes-na-lodowke-kotek-w-chmurach","status":"publish","type":"product","link":"https:\/\/finascrap.pl\/?product=magnes-na-lodowke-kotek-w-chmurach","title":{"rendered":"Magnes na lod\u00f3wk\u0119 &#8222;Kotek w chmurach&#8221;"},"content":{"rendered":"<p>Magnes to doskona\u0142y zamiennik tradycyjnej kartki. Je\u015bli obdarowana osoba umie\u015bci go na lod\u00f3wce, b\u0119dziesz mie\u0107 pewno\u015b\u0107, \u017ce o Tobie nie zapomni.<\/p>\n<p>Produkt\u00a0 dodatkowo zosta\u0142 ozdobiony shakerem, czyli okienkiem wype\u0142nionym drobinkami z brokatem, kt\u00f3re przesuwaj\u0105 si\u0119 podczas potrz\u0105sania.<\/p>\n<p>&nbsp;<\/p>\n","protected":false},"excerpt":{"rendered":"<p>Magnes na lod\u00f3wk\u0119<\/p>\n<p>Wymiary: ok. 10 cm x 10 cm<br \/>\nOpakowanie:\u00a0 woreczek foliowy<\/p>\n","protected":false},"featured_media":978,"template":"","meta":[],"product_cat":[223],"product_tag":[47,48,150,168,167],"class_list":{"0":"post-985","1":"product","2":"type-product","3":"status-publish","4":"has-post-thumbnail","6":"product_cat-magnesy","7":"product_tag-gratulacje","8":"product_tag-magnes","9":"product_tag-prezent","10":"product_tag-rekodzielo","11":"product_tag-upominek","13":"first","14":"instock","15":"sold-individually","16":"shipping-taxable","17":"purchasable","18":"product-type-simple"},"_links":{"self":[{"href":"https:\/\/finascrap.pl\/index.php?rest_route=\/wp\/v2\/product\/985","targetHints":{"allow":["GET"]}}],"collection":[{"href":"https:\/\/finascrap.pl\/index.php?rest_route=\/wp\/v2\/product"}],"about":[{"href":"https:\/\/finascrap.pl\/index.php?rest_route=\/wp\/v2\/types\/product"}],"wp:featuredmedia":[{"embeddable":true,"href":"https:\/\/finascrap.pl\/index.php?rest_route=\/wp\/v2\/media\/978"}],"wp:attachment":[{"href":"https:\/\/finascrap.pl\/index.php?rest_route=%2Fwp%2Fv2%2Fmedia&parent=985"}],"wp:term":[{"taxonomy":"product_cat","embeddable":true,"href":"https:\/\/finascrap.pl\/index.php?rest_route=%2Fwp%2Fv2%2Fproduct_cat&post=985"},{"taxonomy":"product_tag","embeddable":true,"href":"https:\/\/finascrap.pl\/index.php?rest_route=%2Fwp%2Fv2%2Fproduct_tag&post=985"}],"curies":[{"name":"wp","href":"https:\/\/api.w.org\/{rel}","templated":true}]}}