{"id":969,"date":"2024-03-14T13:15:45","date_gmt":"2024-03-14T12:15:45","guid":{"rendered":"https:\/\/finascrap.pl\/?post_type=product&#038;p=969"},"modified":"2026-01-10T19:33:39","modified_gmt":"2026-01-10T18:33:39","slug":"kartka-dl-komunijny-kielich","status":"publish","type":"product","link":"https:\/\/finascrap.pl\/?product=kartka-dl-komunijny-kielich","title":{"rendered":"Kartka DL &#8222;Komunijny kielich&#8221;"},"content":{"rendered":"<p>Delikatna warstwowa Pami\u0105tka Pierwszej Komunii \u015awi\u0119tej. Kartka zawiera zak\u0142adk\u0119, za kt\u00f3r\u0105 mo\u017cna wsun\u0105\u0107 pieni\u0105dze, bony podarunkowe lub dodatkowe \u017cyczenia.<\/p>\n<p>&nbsp;<\/p>\n<p>&nbsp;<\/p>\n","protected":false},"excerpt":{"rendered":"<p>Kartka DL<\/p>\n<p>Wymiary: ok. 10cm x 21cm<br \/>\nOpakowanie (delikatny kartonik) o wymiarach: ok. 11cm x 22 cm<\/p>\n<p>&nbsp;<\/p>\n","protected":false},"featured_media":982,"template":"","meta":[],"product_cat":[224],"product_tag":[90,47,34,43,205,150,167],"class_list":{"0":"post-969","1":"product","2":"type-product","3":"status-publish","4":"has-post-thumbnail","6":"product_cat-kartki-w-pudelku","7":"product_tag-dziecko","8":"product_tag-gratulacje","9":"product_tag-kartka","10":"product_tag-komunia","11":"product_tag-komunia-swieta","12":"product_tag-prezent","13":"product_tag-upominek","15":"first","16":"instock","17":"sold-individually","18":"shipping-taxable","19":"purchasable","20":"product-type-simple"},"_links":{"self":[{"href":"https:\/\/finascrap.pl\/index.php?rest_route=\/wp\/v2\/product\/969","targetHints":{"allow":["GET"]}}],"collection":[{"href":"https:\/\/finascrap.pl\/index.php?rest_route=\/wp\/v2\/product"}],"about":[{"href":"https:\/\/finascrap.pl\/index.php?rest_route=\/wp\/v2\/types\/product"}],"wp:featuredmedia":[{"embeddable":true,"href":"https:\/\/finascrap.pl\/index.php?rest_route=\/wp\/v2\/media\/982"}],"wp:attachment":[{"href":"https:\/\/finascrap.pl\/index.php?rest_route=%2Fwp%2Fv2%2Fmedia&parent=969"}],"wp:term":[{"taxonomy":"product_cat","embeddable":true,"href":"https:\/\/finascrap.pl\/index.php?rest_route=%2Fwp%2Fv2%2Fproduct_cat&post=969"},{"taxonomy":"product_tag","embeddable":true,"href":"https:\/\/finascrap.pl\/index.php?rest_route=%2Fwp%2Fv2%2Fproduct_tag&post=969"}],"curies":[{"name":"wp","href":"https:\/\/api.w.org\/{rel}","templated":true}]}}