{"id":957,"date":"2024-03-09T15:03:52","date_gmt":"2024-03-09T14:03:52","guid":{"rendered":"https:\/\/finascrap.pl\/?post_type=product&#038;p=957"},"modified":"2026-01-11T17:47:20","modified_gmt":"2026-01-11T16:47:20","slug":"zestaw-gotowych-kartek-do-koperty-baranek-wielkanocny","status":"publish","type":"product","link":"https:\/\/finascrap.pl\/?product=zestaw-gotowych-kartek-do-koperty-baranek-wielkanocny","title":{"rendered":"Zestaw gotowych kartek do koperty &#8222;Baranek wielkanocny&#8221;"},"content":{"rendered":"<p>Zestaw 2 warstwowych kartek, kt\u00f3re mo\u017cna wr\u0119czy\u0107 z okazji \u015awi\u0105t Wielkanocnych. W zestawie z 2 kopertami.<\/p>\n","protected":false},"excerpt":{"rendered":"<p>Wymiary: ok. 10cm x 14cm<br \/>\nOpakowanie: koperta<\/p>\n","protected":false},"featured_media":923,"template":"","meta":[],"product_cat":[174],"product_tag":[149,34,111,148,204],"class_list":{"0":"post-957","1":"product","2":"type-product","3":"status-publish","4":"has-post-thumbnail","6":"product_cat-kartki","7":"product_tag-hande-made","8":"product_tag-kartka","9":"product_tag-kartka-okolicznosciowa","10":"product_tag-recznie-robione","11":"product_tag-wielkanoc","12":"pa_okladka-bez-personalizacji","13":"pa_okladka-z-personalizacja","14":"pa_wnetrze-puste-miejsce-na-zyczenia","15":"pa_wnetrze-wydrukowany-tekst-przeslany-przez-klienta","17":"first","18":"instock","19":"sold-individually","20":"shipping-taxable","21":"product-type-simple"},"_links":{"self":[{"href":"https:\/\/finascrap.pl\/index.php?rest_route=\/wp\/v2\/product\/957","targetHints":{"allow":["GET"]}}],"collection":[{"href":"https:\/\/finascrap.pl\/index.php?rest_route=\/wp\/v2\/product"}],"about":[{"href":"https:\/\/finascrap.pl\/index.php?rest_route=\/wp\/v2\/types\/product"}],"wp:featuredmedia":[{"embeddable":true,"href":"https:\/\/finascrap.pl\/index.php?rest_route=\/wp\/v2\/media\/923"}],"wp:attachment":[{"href":"https:\/\/finascrap.pl\/index.php?rest_route=%2Fwp%2Fv2%2Fmedia&parent=957"}],"wp:term":[{"taxonomy":"product_cat","embeddable":true,"href":"https:\/\/finascrap.pl\/index.php?rest_route=%2Fwp%2Fv2%2Fproduct_cat&post=957"},{"taxonomy":"product_tag","embeddable":true,"href":"https:\/\/finascrap.pl\/index.php?rest_route=%2Fwp%2Fv2%2Fproduct_tag&post=957"}],"curies":[{"name":"wp","href":"https:\/\/api.w.org\/{rel}","templated":true}]}}