{"id":948,"date":"2024-03-09T14:49:02","date_gmt":"2024-03-09T13:49:02","guid":{"rendered":"https:\/\/finascrap.pl\/?post_type=product&#038;p=948"},"modified":"2026-01-10T19:42:17","modified_gmt":"2026-01-10T18:42:17","slug":"kartka-slodki-1-torcik","status":"publish","type":"product","link":"https:\/\/finascrap.pl\/?product=kartka-slodki-1-torcik","title":{"rendered":"Kartka &#8222;S\u0142odki 1 torcik&#8221;"},"content":{"rendered":"<p>Warstwowa kartka na pierwsze urodziny zawieraj\u0105ca zak\u0142adk\u0119, za kt\u00f3r\u0105 zmieszcz\u0105 si\u0119 pieni\u0105dze, bony podarunkowe, zdj\u0119cia lub dodatkowe \u017cyczenia.<\/p>\n<p>&nbsp;<\/p>\n","protected":false},"excerpt":{"rendered":"<p>Kartka kwadratowa<\/p>\n<p>Wymiary: 14cm x 14cm<br \/>\nOpakowanie: koperta<\/p>\n","protected":false},"featured_media":929,"template":"","meta":[],"product_cat":[221],"product_tag":[90,34,201,45],"class_list":{"0":"post-948","1":"product","2":"type-product","3":"status-publish","4":"has-post-thumbnail","6":"product_cat-kartki-w-kopercie","7":"product_tag-dziecko","8":"product_tag-kartka","9":"product_tag-roczek","10":"product_tag-urodziny","11":"pa_okladka-bez-personalizacji","12":"pa_okladka-z-personalizacja","13":"pa_wnetrze-puste-miejsce-na-zyczenia","14":"pa_wnetrze-wydrukowany-tekst-przeslany-przez-klienta","16":"first","17":"instock","18":"sold-individually","19":"shipping-taxable","20":"purchasable","21":"product-type-simple"},"_links":{"self":[{"href":"https:\/\/finascrap.pl\/index.php?rest_route=\/wp\/v2\/product\/948","targetHints":{"allow":["GET"]}}],"collection":[{"href":"https:\/\/finascrap.pl\/index.php?rest_route=\/wp\/v2\/product"}],"about":[{"href":"https:\/\/finascrap.pl\/index.php?rest_route=\/wp\/v2\/types\/product"}],"wp:featuredmedia":[{"embeddable":true,"href":"https:\/\/finascrap.pl\/index.php?rest_route=\/wp\/v2\/media\/929"}],"wp:attachment":[{"href":"https:\/\/finascrap.pl\/index.php?rest_route=%2Fwp%2Fv2%2Fmedia&parent=948"}],"wp:term":[{"taxonomy":"product_cat","embeddable":true,"href":"https:\/\/finascrap.pl\/index.php?rest_route=%2Fwp%2Fv2%2Fproduct_cat&post=948"},{"taxonomy":"product_tag","embeddable":true,"href":"https:\/\/finascrap.pl\/index.php?rest_route=%2Fwp%2Fv2%2Fproduct_tag&post=948"}],"curies":[{"name":"wp","href":"https:\/\/api.w.org\/{rel}","templated":true}]}}