{"id":942,"date":"2024-03-09T14:39:03","date_gmt":"2024-03-09T13:39:03","guid":{"rendered":"https:\/\/finascrap.pl\/?post_type=product&#038;p=942"},"modified":"2026-01-10T19:28:19","modified_gmt":"2026-01-10T18:28:19","slug":"magnes-na-lodowke-motyl-w-oknie","status":"publish","type":"product","link":"https:\/\/finascrap.pl\/?product=magnes-na-lodowke-motyl-w-oknie","title":{"rendered":"Magnes na lod\u00f3wk\u0119 &#8222;Kawa z motylem&#8221;"},"content":{"rendered":"<p>Magnes to doskona\u0142y zamiennik tradycyjnej kartki. Je\u015bli obdarowana osoba umie\u015bci go na lod\u00f3wce, b\u0119dziesz mie\u0107 pewno\u015b\u0107, \u017ce o Tobie nie zapomni.<\/p>\n<p>&nbsp;<\/p>\n","protected":false},"excerpt":{"rendered":"<p>Magnes na lod\u00f3wk\u0119<\/p>\n<p>Wymiary: ok. 7,5 cm x 9,5 cm<br \/>\nOpakowanie:\u00a0 woreczek foliowy<\/p>\n","protected":false},"featured_media":940,"template":"","meta":[],"product_cat":[223],"product_tag":[48,150,168,167,45],"class_list":{"0":"post-942","1":"product","2":"type-product","3":"status-publish","4":"has-post-thumbnail","6":"product_cat-magnesy","7":"product_tag-magnes","8":"product_tag-prezent","9":"product_tag-rekodzielo","10":"product_tag-upominek","11":"product_tag-urodziny","13":"first","14":"instock","15":"sold-individually","16":"shipping-taxable","17":"purchasable","18":"product-type-simple"},"_links":{"self":[{"href":"https:\/\/finascrap.pl\/index.php?rest_route=\/wp\/v2\/product\/942","targetHints":{"allow":["GET"]}}],"collection":[{"href":"https:\/\/finascrap.pl\/index.php?rest_route=\/wp\/v2\/product"}],"about":[{"href":"https:\/\/finascrap.pl\/index.php?rest_route=\/wp\/v2\/types\/product"}],"wp:featuredmedia":[{"embeddable":true,"href":"https:\/\/finascrap.pl\/index.php?rest_route=\/wp\/v2\/media\/940"}],"wp:attachment":[{"href":"https:\/\/finascrap.pl\/index.php?rest_route=%2Fwp%2Fv2%2Fmedia&parent=942"}],"wp:term":[{"taxonomy":"product_cat","embeddable":true,"href":"https:\/\/finascrap.pl\/index.php?rest_route=%2Fwp%2Fv2%2Fproduct_cat&post=942"},{"taxonomy":"product_tag","embeddable":true,"href":"https:\/\/finascrap.pl\/index.php?rest_route=%2Fwp%2Fv2%2Fproduct_tag&post=942"}],"curies":[{"name":"wp","href":"https:\/\/api.w.org\/{rel}","templated":true}]}}