{"id":906,"date":"2024-02-21T19:21:24","date_gmt":"2024-02-21T18:21:24","guid":{"rendered":"https:\/\/finascrap.pl\/?post_type=product&#038;p=906"},"modified":"2026-01-11T17:50:38","modified_gmt":"2026-01-11T16:50:38","slug":"kartka-wozek-i-lozeczko","status":"publish","type":"product","link":"https:\/\/finascrap.pl\/?product=kartka-wozek-i-lozeczko","title":{"rendered":"Kartka &#8222;W\u00f3zek i \u0142\u00f3\u017ceczko&#8221;"},"content":{"rendered":"<p>Delikatna warstwowa Pami\u0105tka Chrztu \u015awi\u0119tego. Kartka zawiera zak\u0142adk\u0119, za kt\u00f3r\u0105 mo\u017cna wsun\u0105\u0107 pieni\u0105dze, bony podarunkowe lub dodatkowe \u017cyczenia.<\/p>\n<p>&nbsp;<\/p>\n<p>&nbsp;<\/p>\n","protected":false},"excerpt":{"rendered":"<p>Kartka \u015blubna DL<\/p>\n<p>Wymiary: ok. 10cm x 21cm<br \/>\nOpakowanie (delikatny kartonik) o wymiarach: ok. 11cm x 22 cm<\/p>\n<p>&nbsp;<\/p>\n","protected":false},"featured_media":152,"template":"","meta":[],"product_cat":[174],"product_tag":[110,40,90,47,34],"class_list":{"0":"post-906","1":"product","2":"type-product","3":"status-publish","4":"has-post-thumbnail","6":"product_cat-kartki","7":"product_tag-baby-shower","8":"product_tag-chrzest","9":"product_tag-dziecko","10":"product_tag-gratulacje","11":"product_tag-kartka","13":"first","14":"instock","15":"sold-individually","16":"shipping-taxable","17":"product-type-simple"},"_links":{"self":[{"href":"https:\/\/finascrap.pl\/index.php?rest_route=\/wp\/v2\/product\/906","targetHints":{"allow":["GET"]}}],"collection":[{"href":"https:\/\/finascrap.pl\/index.php?rest_route=\/wp\/v2\/product"}],"about":[{"href":"https:\/\/finascrap.pl\/index.php?rest_route=\/wp\/v2\/types\/product"}],"wp:featuredmedia":[{"embeddable":true,"href":"https:\/\/finascrap.pl\/index.php?rest_route=\/wp\/v2\/media\/152"}],"wp:attachment":[{"href":"https:\/\/finascrap.pl\/index.php?rest_route=%2Fwp%2Fv2%2Fmedia&parent=906"}],"wp:term":[{"taxonomy":"product_cat","embeddable":true,"href":"https:\/\/finascrap.pl\/index.php?rest_route=%2Fwp%2Fv2%2Fproduct_cat&post=906"},{"taxonomy":"product_tag","embeddable":true,"href":"https:\/\/finascrap.pl\/index.php?rest_route=%2Fwp%2Fv2%2Fproduct_tag&post=906"}],"curies":[{"name":"wp","href":"https:\/\/api.w.org\/{rel}","templated":true}]}}