{"id":853,"date":"2024-01-26T15:56:12","date_gmt":"2024-01-26T14:56:12","guid":{"rendered":"https:\/\/finascrap.pl\/?post_type=product&#038;p=853"},"modified":"2026-01-10T19:46:40","modified_gmt":"2026-01-10T18:46:40","slug":"magnes-na-lodowke-z-ramka-na-zdjecie-lisek","status":"publish","type":"product","link":"https:\/\/finascrap.pl\/?product=magnes-na-lodowke-z-ramka-na-zdjecie-lisek","title":{"rendered":"Magnes na lod\u00f3wk\u0119 z ramk\u0105 na zdj\u0119cie &#8222;Lisek&#8221;"},"content":{"rendered":"<p>Magnes z ramk\u0105 na zdj\u0119cie to doskona\u0142y pomys\u0142 na upominek dla najbli\u017cszych. Mo\u017cna go wr\u0119czy\u0107 z okazji narodzin, pierwszych urodzin, Baby Shower, Chrztu \u015aw., Komunii, Dnia Matki, Dnia Babci, itp. Mo\u017cesz nim te\u017c ozdobi\u0107 w\u0142asn\u0105 kuchni\u0119.<\/p>\n<p>Ramka zabezpieczona delikatnym materia\u0142em jest przeznaczona na zdj\u0119cie o wymiarach 9&#215;13 cm.<\/p>\n<p>Uwaga! Efekt marszczenia materia\u0142u jest celowy, ma przypomina\u0107 firank\u0119. Materia\u0142 sprawia, \u017ce umieszczone w ramce zdj\u0119cie jest delikatnie zamglone i traci wyraziste kolory.<\/p>\n<p>&nbsp;<\/p>\n<p>&nbsp;<\/p>\n","protected":false},"excerpt":{"rendered":"<p>Magnes na lod\u00f3wk\u0119<\/p>\n<p>Wymiary: ok. 11,5&#215;16,5 cm<br \/>\nOpakowanie (delikatny kartonik):\u00a0 ok. 13 x 19 cm<\/p>\n<p>Zdj\u0119cie dziecka (w ramce) nie stanowi elementu zestawu.<\/p>\n","protected":false},"featured_media":840,"template":"","meta":[],"product_cat":[226],"product_tag":[40,155,156,50,49,43,48,41,150,168,167,45],"class_list":{"0":"post-853","1":"product","2":"type-product","3":"status-publish","4":"has-post-thumbnail","6":"product_cat-ramki-na-zdjecia","7":"product_tag-chrzest","8":"product_tag-dzien-babci","9":"product_tag-dzien-dziadka","10":"product_tag-dzien-matki","11":"product_tag-imieniny","12":"product_tag-komunia","13":"product_tag-magnes","14":"product_tag-narodziny-dziecka","15":"product_tag-prezent","16":"product_tag-rekodzielo","17":"product_tag-upominek","18":"product_tag-urodziny","19":"pa_okladka-bez-personalizacji","20":"pa_okladka-z-personalizacja","22":"first","23":"instock","24":"sold-individually","25":"shipping-taxable","26":"purchasable","27":"product-type-simple"},"_links":{"self":[{"href":"https:\/\/finascrap.pl\/index.php?rest_route=\/wp\/v2\/product\/853","targetHints":{"allow":["GET"]}}],"collection":[{"href":"https:\/\/finascrap.pl\/index.php?rest_route=\/wp\/v2\/product"}],"about":[{"href":"https:\/\/finascrap.pl\/index.php?rest_route=\/wp\/v2\/types\/product"}],"wp:featuredmedia":[{"embeddable":true,"href":"https:\/\/finascrap.pl\/index.php?rest_route=\/wp\/v2\/media\/840"}],"wp:attachment":[{"href":"https:\/\/finascrap.pl\/index.php?rest_route=%2Fwp%2Fv2%2Fmedia&parent=853"}],"wp:term":[{"taxonomy":"product_cat","embeddable":true,"href":"https:\/\/finascrap.pl\/index.php?rest_route=%2Fwp%2Fv2%2Fproduct_cat&post=853"},{"taxonomy":"product_tag","embeddable":true,"href":"https:\/\/finascrap.pl\/index.php?rest_route=%2Fwp%2Fv2%2Fproduct_tag&post=853"}],"curies":[{"name":"wp","href":"https:\/\/api.w.org\/{rel}","templated":true}]}}