{"id":843,"date":"2024-01-26T15:10:00","date_gmt":"2024-01-26T14:10:00","guid":{"rendered":"https:\/\/finascrap.pl\/?post_type=product&#038;p=843"},"modified":"2026-01-10T19:30:41","modified_gmt":"2026-01-10T18:30:41","slug":"magnes-na-lodowke-babcia-i-dziadek-myszki","status":"publish","type":"product","link":"https:\/\/finascrap.pl\/?product=magnes-na-lodowke-babcia-i-dziadek-myszki","title":{"rendered":"Magnes na lod\u00f3wk\u0119 &#8222;Babcia i Dziadek Myszki&#8221;"},"content":{"rendered":"<p>Magnes z okazji Dnia Babci i Dziadka to doskona\u0142y zamiennik tradycyjnej kartki. Je\u015bli obdarowana osoba umie\u015bci go na lod\u00f3wce, b\u0119dziesz mie\u0107 pewno\u015b\u0107, \u017ce o Tobie nie zapomni.<\/p>\n<p>&nbsp;<\/p>\n<p><em>Grafiki Small-wingles-shop<\/em><\/p>\n","protected":false},"excerpt":{"rendered":"<p>Magnes na lod\u00f3wk\u0119 z grafik\u0105 <em>Small-wingles-shop<\/em><\/p>\n<p>Wymiary: ok. 8 cm x 8 cm<br \/>\nOpakowanie (delikatny kartonik):\u00a0 ok. 9,5 x 9,5 cm<\/p>\n","protected":false},"featured_media":825,"template":"","meta":[],"product_cat":[223],"product_tag":[155,156,49,48,150,168,167,45],"class_list":{"0":"post-843","1":"product","2":"type-product","3":"status-publish","4":"has-post-thumbnail","6":"product_cat-magnesy","7":"product_tag-dzien-babci","8":"product_tag-dzien-dziadka","9":"product_tag-imieniny","10":"product_tag-magnes","11":"product_tag-prezent","12":"product_tag-rekodzielo","13":"product_tag-upominek","14":"product_tag-urodziny","16":"first","17":"instock","18":"sold-individually","19":"shipping-taxable","20":"purchasable","21":"product-type-simple"},"_links":{"self":[{"href":"https:\/\/finascrap.pl\/index.php?rest_route=\/wp\/v2\/product\/843","targetHints":{"allow":["GET"]}}],"collection":[{"href":"https:\/\/finascrap.pl\/index.php?rest_route=\/wp\/v2\/product"}],"about":[{"href":"https:\/\/finascrap.pl\/index.php?rest_route=\/wp\/v2\/types\/product"}],"wp:featuredmedia":[{"embeddable":true,"href":"https:\/\/finascrap.pl\/index.php?rest_route=\/wp\/v2\/media\/825"}],"wp:attachment":[{"href":"https:\/\/finascrap.pl\/index.php?rest_route=%2Fwp%2Fv2%2Fmedia&parent=843"}],"wp:term":[{"taxonomy":"product_cat","embeddable":true,"href":"https:\/\/finascrap.pl\/index.php?rest_route=%2Fwp%2Fv2%2Fproduct_cat&post=843"},{"taxonomy":"product_tag","embeddable":true,"href":"https:\/\/finascrap.pl\/index.php?rest_route=%2Fwp%2Fv2%2Fproduct_tag&post=843"}],"curies":[{"name":"wp","href":"https:\/\/api.w.org\/{rel}","templated":true}]}}