{"id":798,"date":"2024-01-06T16:01:43","date_gmt":"2024-01-06T15:01:43","guid":{"rendered":"https:\/\/finascrap.pl\/?post_type=product&#038;p=798"},"modified":"2026-01-10T20:52:02","modified_gmt":"2026-01-10T19:52:02","slug":"planer-biurkowy-z-duza-kieszonka-juz-czas","status":"publish","type":"product","link":"https:\/\/finascrap.pl\/?product=planer-biurkowy-z-duza-kieszonka-juz-czas","title":{"rendered":"Planer biurkowy z du\u017c\u0105 kieszonk\u0105 &#8222;Ju\u017c czas&#8221;"},"content":{"rendered":"<p>Planer biurkowy pomo\u017ce Ci w organizacji Twojego czasu. \u0141\u0105czy w sobie cechy kalendarza, organizera oraz notatnika. Na tylnej \u015bcianie zawiera du\u017c\u0105 kiesze\u0144, w kt\u00f3rej mo\u017cna przechowywa\u0107 wizyt\u00f3wki, karteczki samoprzylepne oraz inne drobiazgi.\u00a0 Na pierwszej stronie, za kartami, znajduje si\u0119 ukryta kieszonka na ma\u0142e skarby.<\/p>\n","protected":false},"excerpt":{"rendered":"<p>Wymiary: ok. 21cmx14cm<\/p>\n<p>Opakowanie: torebka foliowa<\/p>\n","protected":false},"featured_media":764,"template":"","meta":[],"product_cat":[228],"product_tag":[152,149,164,34,151,165,166,150,148],"class_list":{"0":"post-798","1":"product","2":"type-product","3":"status-publish","4":"has-post-thumbnail","6":"product_cat-artykuly-papiernicze","7":"product_tag-biurko","8":"product_tag-hande-made","9":"product_tag-kalendarz","10":"product_tag-kartka","11":"product_tag-notes","12":"product_tag-nowy-rok","13":"product_tag-planer","14":"product_tag-prezent","15":"product_tag-recznie-robione","16":"pa_okladka-bez-personalizacji","17":"pa_okladka-z-personalizacja","18":"pa_wnetrze-puste-miejsce-na-zyczenia","19":"pa_wnetrze-wydrukowany-tekst-przeslany-przez-klienta","21":"first","22":"instock","23":"sold-individually","24":"shipping-taxable","25":"product-type-simple"},"_links":{"self":[{"href":"https:\/\/finascrap.pl\/index.php?rest_route=\/wp\/v2\/product\/798","targetHints":{"allow":["GET"]}}],"collection":[{"href":"https:\/\/finascrap.pl\/index.php?rest_route=\/wp\/v2\/product"}],"about":[{"href":"https:\/\/finascrap.pl\/index.php?rest_route=\/wp\/v2\/types\/product"}],"wp:featuredmedia":[{"embeddable":true,"href":"https:\/\/finascrap.pl\/index.php?rest_route=\/wp\/v2\/media\/764"}],"wp:attachment":[{"href":"https:\/\/finascrap.pl\/index.php?rest_route=%2Fwp%2Fv2%2Fmedia&parent=798"}],"wp:term":[{"taxonomy":"product_cat","embeddable":true,"href":"https:\/\/finascrap.pl\/index.php?rest_route=%2Fwp%2Fv2%2Fproduct_cat&post=798"},{"taxonomy":"product_tag","embeddable":true,"href":"https:\/\/finascrap.pl\/index.php?rest_route=%2Fwp%2Fv2%2Fproduct_tag&post=798"}],"curies":[{"name":"wp","href":"https:\/\/api.w.org\/{rel}","templated":true}]}}