{"id":794,"date":"2024-01-06T15:45:34","date_gmt":"2024-01-06T14:45:34","guid":{"rendered":"https:\/\/finascrap.pl\/?post_type=product&#038;p=794"},"modified":"2026-01-10T20:49:58","modified_gmt":"2026-01-10T19:49:58","slug":"czekoladownik-myszki-sredni","status":"publish","type":"product","link":"https:\/\/finascrap.pl\/?product=czekoladownik-myszki-sredni","title":{"rendered":"Czekoladownik &#8222;Myszki&#8221; \u015bredni"},"content":{"rendered":"<p>Czekoladownik to odpowiednik kartki okoliczno\u015bciowej, do kt\u00f3rego zmie\u015bci si\u0119 czekolada. Jest wi\u0119c po\u0142\u0105czeniem kartki z pi\u0119knym i oryginalnym opakowaniem.<\/p>\n<p>Prezentowany na zdj\u0119ciu czekoladownik nie zawiera czekolady.<\/p>\n<p>&nbsp;<\/p>\n","protected":false},"excerpt":{"rendered":"<p>Czekoladownik z grafik\u0105 <em>Small-wingles-shop<\/em><\/p>\n<p>Wymiary: ok. 18cmx10cmx1cm<\/p>\n","protected":false},"featured_media":790,"template":"","meta":[],"product_cat":[227],"product_tag":[158,97,155,156,50,96,49,34,157,150,45,95],"class_list":{"0":"post-794","1":"product","2":"type-product","3":"status-publish","4":"has-post-thumbnail","6":"product_cat-czekoladowniki","7":"product_tag-czekolada","8":"product_tag-czekoladownik","9":"product_tag-dzien-babci","10":"product_tag-dzien-dziadka","11":"product_tag-dzien-matki","12":"product_tag-dzien-nauczyciela","13":"product_tag-imieniny","14":"product_tag-kartka","15":"product_tag-opakowanie","16":"product_tag-prezent","17":"product_tag-urodziny","18":"product_tag-zakonczenie-roku","19":"pa_okladka-bez-personalizacji","20":"pa_okladka-z-personalizacja","22":"first","23":"instock","24":"sold-individually","25":"shipping-taxable","26":"purchasable","27":"product-type-simple"},"_links":{"self":[{"href":"https:\/\/finascrap.pl\/index.php?rest_route=\/wp\/v2\/product\/794","targetHints":{"allow":["GET"]}}],"collection":[{"href":"https:\/\/finascrap.pl\/index.php?rest_route=\/wp\/v2\/product"}],"about":[{"href":"https:\/\/finascrap.pl\/index.php?rest_route=\/wp\/v2\/types\/product"}],"wp:featuredmedia":[{"embeddable":true,"href":"https:\/\/finascrap.pl\/index.php?rest_route=\/wp\/v2\/media\/790"}],"wp:attachment":[{"href":"https:\/\/finascrap.pl\/index.php?rest_route=%2Fwp%2Fv2%2Fmedia&parent=794"}],"wp:term":[{"taxonomy":"product_cat","embeddable":true,"href":"https:\/\/finascrap.pl\/index.php?rest_route=%2Fwp%2Fv2%2Fproduct_cat&post=794"},{"taxonomy":"product_tag","embeddable":true,"href":"https:\/\/finascrap.pl\/index.php?rest_route=%2Fwp%2Fv2%2Fproduct_tag&post=794"}],"curies":[{"name":"wp","href":"https:\/\/api.w.org\/{rel}","templated":true}]}}