{"id":752,"date":"2024-01-06T15:17:59","date_gmt":"2024-01-06T14:17:59","guid":{"rendered":"https:\/\/finascrap.pl\/?post_type=product&#038;p=752"},"modified":"2026-01-10T20:56:33","modified_gmt":"2026-01-10T19:56:33","slug":"zestaw-ozdob-choinkowych-niebieska-poinsecja","status":"publish","type":"product","link":"https:\/\/finascrap.pl\/?product=zestaw-ozdob-choinkowych-niebieska-poinsecja","title":{"rendered":"Zestaw ozd\u00f3b choinkowych &#8222;Niebieska Poinsecja&#8221;"},"content":{"rendered":"<p>Trzy ozdoby choinkowe w r\u00f3\u017cnych rozmiarach wykonane na bazie beermaty (tektury) oraz papieru. Mo\u017cna nimi ozdobi\u0107 choink\u0119, \u015bwi\u0105teczny stroik lub powiesi\u0107 na \u015bcianie.<\/p>\n<p>&nbsp;<\/p>\n","protected":false},"excerpt":{"rendered":"<p>Wymiary produkt\u00f3w:<br \/>\nok. 7cm\/8,5cm; 6cmx7cm; 5,5cmx6cm<\/p>\n<p>Spos\u00f3b zapakowania:<br \/>\npapierowe delikatne pude\u0142ko o wymiarach ok. 12cmx18,5cm<\/p>\n","protected":false},"featured_media":780,"template":"","meta":[],"product_cat":[222],"product_tag":[114,102,116,145,115,101,118,117],"class_list":{"0":"post-752","1":"product","2":"type-product","3":"status-publish","4":"has-post-thumbnail","6":"product_cat-drobne-upominki","7":"product_tag-bombka","8":"product_tag-choinka","9":"product_tag-dekoracja","10":"product_tag-mikolaj","11":"product_tag-ozdoba","12":"product_tag-tekturki","13":"product_tag-zawieszka-na-prezent","14":"product_tag-zyczenia","16":"first","17":"instock","18":"sold-individually","19":"shipping-taxable","20":"purchasable","21":"product-type-simple"},"_links":{"self":[{"href":"https:\/\/finascrap.pl\/index.php?rest_route=\/wp\/v2\/product\/752","targetHints":{"allow":["GET"]}}],"collection":[{"href":"https:\/\/finascrap.pl\/index.php?rest_route=\/wp\/v2\/product"}],"about":[{"href":"https:\/\/finascrap.pl\/index.php?rest_route=\/wp\/v2\/types\/product"}],"wp:featuredmedia":[{"embeddable":true,"href":"https:\/\/finascrap.pl\/index.php?rest_route=\/wp\/v2\/media\/780"}],"wp:attachment":[{"href":"https:\/\/finascrap.pl\/index.php?rest_route=%2Fwp%2Fv2%2Fmedia&parent=752"}],"wp:term":[{"taxonomy":"product_cat","embeddable":true,"href":"https:\/\/finascrap.pl\/index.php?rest_route=%2Fwp%2Fv2%2Fproduct_cat&post=752"},{"taxonomy":"product_tag","embeddable":true,"href":"https:\/\/finascrap.pl\/index.php?rest_route=%2Fwp%2Fv2%2Fproduct_tag&post=752"}],"curies":[{"name":"wp","href":"https:\/\/api.w.org\/{rel}","templated":true}]}}