{"id":737,"date":"2023-12-16T14:26:38","date_gmt":"2023-12-16T13:26:38","guid":{"rendered":"https:\/\/finascrap.pl\/?post_type=product&#038;p=737"},"modified":"2026-01-11T17:53:36","modified_gmt":"2026-01-11T16:53:36","slug":"zestaw-gotowych-kartek-do-koperty-choinki-craft","status":"publish","type":"product","link":"https:\/\/finascrap.pl\/?product=zestaw-gotowych-kartek-do-koperty-choinki-craft","title":{"rendered":"Zestaw gotowych kartek do koperty &#8222;Choinki craft&#8221;"},"content":{"rendered":"<p>Zestaw 4 warstwowych kartek, kt\u00f3re mo\u017cna wr\u0119czy\u0107 z okazji \u015awi\u0105t Bo\u017cego Narodzenia. W zestawie z 4 kopertami.<\/p>\n","protected":false},"excerpt":{"rendered":"<p>Wymiary: ok. 10,5cm x 14,5 cm<br \/>\nOpakowanie: koperta<\/p>\n","protected":false},"featured_media":732,"template":"","meta":[],"product_cat":[174],"product_tag":[89,149,34,111,148],"class_list":{"0":"post-737","1":"product","2":"type-product","3":"status-publish","4":"has-post-thumbnail","6":"product_cat-kartki","7":"product_tag-boze-narodzenie","8":"product_tag-hande-made","9":"product_tag-kartka","10":"product_tag-kartka-okolicznosciowa","11":"product_tag-recznie-robione","12":"pa_okladka-bez-personalizacji","13":"pa_okladka-z-personalizacja","14":"pa_wnetrze-puste-miejsce-na-zyczenia","15":"pa_wnetrze-wydrukowany-tekst-przeslany-przez-klienta","17":"first","18":"instock","19":"sold-individually","20":"shipping-taxable","21":"product-type-simple"},"_links":{"self":[{"href":"https:\/\/finascrap.pl\/index.php?rest_route=\/wp\/v2\/product\/737","targetHints":{"allow":["GET"]}}],"collection":[{"href":"https:\/\/finascrap.pl\/index.php?rest_route=\/wp\/v2\/product"}],"about":[{"href":"https:\/\/finascrap.pl\/index.php?rest_route=\/wp\/v2\/types\/product"}],"wp:featuredmedia":[{"embeddable":true,"href":"https:\/\/finascrap.pl\/index.php?rest_route=\/wp\/v2\/media\/732"}],"wp:attachment":[{"href":"https:\/\/finascrap.pl\/index.php?rest_route=%2Fwp%2Fv2%2Fmedia&parent=737"}],"wp:term":[{"taxonomy":"product_cat","embeddable":true,"href":"https:\/\/finascrap.pl\/index.php?rest_route=%2Fwp%2Fv2%2Fproduct_cat&post=737"},{"taxonomy":"product_tag","embeddable":true,"href":"https:\/\/finascrap.pl\/index.php?rest_route=%2Fwp%2Fv2%2Fproduct_tag&post=737"}],"curies":[{"name":"wp","href":"https:\/\/api.w.org\/{rel}","templated":true}]}}