{"id":735,"date":"2023-12-16T14:22:00","date_gmt":"2023-12-16T13:22:00","guid":{"rendered":"https:\/\/finascrap.pl\/?post_type=product&#038;p=735"},"modified":"2026-01-11T17:55:21","modified_gmt":"2026-01-11T16:55:21","slug":"magnes-na-lodowke-zwolnij","status":"publish","type":"product","link":"https:\/\/finascrap.pl\/?product=magnes-na-lodowke-zwolnij","title":{"rendered":"Magnes na lod\u00f3wk\u0119 &#8222;Zwolnij!&#8221;"},"content":{"rendered":"<p>Magnes dla mi\u0142o\u015bnika motoryzacji, kt\u00f3ry lubi osi\u0105ga\u0107 du\u017c\u0105 pr\u0119dko\u015b\u0107&#8230;albo nie.<\/p>\n<p>Taki magnes to doskona\u0142y zamiennik tradycyjnej kartki. Je\u015bli obdarowana osoba umie\u015bci go na lod\u00f3wce, b\u0119dziesz mie\u0107 pewno\u015b\u0107, \u017ce o Tobie nie zapomni.<\/p>\n","protected":false},"excerpt":{"rendered":"<p>Magnes na lod\u00f3wk\u0119<\/p>\n<p>Wymiary: 7,5 cm x 7,5 cm<br \/>\nOpakowanie: foliowy woreczek<\/p>\n","protected":false},"featured_media":710,"template":"","meta":[],"product_cat":[174],"product_tag":[49,48,154,45],"class_list":{"0":"post-735","1":"product","2":"type-product","3":"status-publish","4":"has-post-thumbnail","6":"product_cat-kartki","7":"product_tag-imieniny","8":"product_tag-magnes","9":"product_tag-motoryzacja","10":"product_tag-urodziny","12":"first","13":"instock","14":"sold-individually","15":"shipping-taxable","16":"product-type-simple"},"_links":{"self":[{"href":"https:\/\/finascrap.pl\/index.php?rest_route=\/wp\/v2\/product\/735","targetHints":{"allow":["GET"]}}],"collection":[{"href":"https:\/\/finascrap.pl\/index.php?rest_route=\/wp\/v2\/product"}],"about":[{"href":"https:\/\/finascrap.pl\/index.php?rest_route=\/wp\/v2\/types\/product"}],"wp:featuredmedia":[{"embeddable":true,"href":"https:\/\/finascrap.pl\/index.php?rest_route=\/wp\/v2\/media\/710"}],"wp:attachment":[{"href":"https:\/\/finascrap.pl\/index.php?rest_route=%2Fwp%2Fv2%2Fmedia&parent=735"}],"wp:term":[{"taxonomy":"product_cat","embeddable":true,"href":"https:\/\/finascrap.pl\/index.php?rest_route=%2Fwp%2Fv2%2Fproduct_cat&post=735"},{"taxonomy":"product_tag","embeddable":true,"href":"https:\/\/finascrap.pl\/index.php?rest_route=%2Fwp%2Fv2%2Fproduct_tag&post=735"}],"curies":[{"name":"wp","href":"https:\/\/api.w.org\/{rel}","templated":true}]}}