{"id":734,"date":"2023-12-16T14:17:05","date_gmt":"2023-12-16T13:17:05","guid":{"rendered":"https:\/\/finascrap.pl\/?post_type=product&#038;p=734"},"modified":"2026-01-10T21:24:16","modified_gmt":"2026-01-10T20:24:16","slug":"notatnik-podreczny-nocny-kwiat","status":"publish","type":"product","link":"https:\/\/finascrap.pl\/?product=notatnik-podreczny-nocny-kwiat","title":{"rendered":"Notatnik podr\u0119czny &#8222;Nocny kwiat&#8221;"},"content":{"rendered":"<p>Ten notatnik podr\u0119czny zmie\u015bci si\u0119 nawet do ma\u0142ej torebki. Sk\u0142ada si\u0119 z 2 cz\u0119\u015bci: notesu w linie oraz kieszonki na zapiski, wizyt\u00f3wki lub np. karteczki samoprzylepne.<\/p>\n","protected":false},"excerpt":{"rendered":"<p>Wymiary: ok. 11cmx12cmx3,5cm<\/p>\n","protected":false},"featured_media":713,"template":"","meta":[],"product_cat":[228],"product_tag":[152,149,34,151,150,153,148],"class_list":{"0":"post-734","1":"product","2":"type-product","3":"status-publish","4":"has-post-thumbnail","6":"product_cat-artykuly-papiernicze","7":"product_tag-biurko","8":"product_tag-hande-made","9":"product_tag-kartka","10":"product_tag-notes","11":"product_tag-prezent","12":"product_tag-ramka-na-zdjecie","13":"product_tag-recznie-robione","14":"pa_okladka-bez-personalizacji","15":"pa_okladka-z-personalizacja","16":"pa_wnetrze-puste-miejsce-na-zyczenia","17":"pa_wnetrze-wydrukowany-tekst-przeslany-przez-klienta","19":"first","20":"instock","21":"sold-individually","22":"shipping-taxable","23":"purchasable","24":"product-type-simple"},"_links":{"self":[{"href":"https:\/\/finascrap.pl\/index.php?rest_route=\/wp\/v2\/product\/734","targetHints":{"allow":["GET"]}}],"collection":[{"href":"https:\/\/finascrap.pl\/index.php?rest_route=\/wp\/v2\/product"}],"about":[{"href":"https:\/\/finascrap.pl\/index.php?rest_route=\/wp\/v2\/types\/product"}],"wp:featuredmedia":[{"embeddable":true,"href":"https:\/\/finascrap.pl\/index.php?rest_route=\/wp\/v2\/media\/713"}],"wp:attachment":[{"href":"https:\/\/finascrap.pl\/index.php?rest_route=%2Fwp%2Fv2%2Fmedia&parent=734"}],"wp:term":[{"taxonomy":"product_cat","embeddable":true,"href":"https:\/\/finascrap.pl\/index.php?rest_route=%2Fwp%2Fv2%2Fproduct_cat&post=734"},{"taxonomy":"product_tag","embeddable":true,"href":"https:\/\/finascrap.pl\/index.php?rest_route=%2Fwp%2Fv2%2Fproduct_tag&post=734"}],"curies":[{"name":"wp","href":"https:\/\/api.w.org\/{rel}","templated":true}]}}