{"id":733,"date":"2023-12-16T14:10:15","date_gmt":"2023-12-16T13:10:15","guid":{"rendered":"https:\/\/finascrap.pl\/?post_type=product&#038;p=733"},"modified":"2026-01-10T21:25:04","modified_gmt":"2026-01-10T20:25:04","slug":"notes-biurkowy-z-miejscem-na-zdjecie-nocny-kwiat","status":"publish","type":"product","link":"https:\/\/finascrap.pl\/?product=notes-biurkowy-z-miejscem-na-zdjecie-nocny-kwiat","title":{"rendered":"Notes biurkowy z miejscem na zdj\u0119cie &#8222;Nocny kwiat&#8221;"},"content":{"rendered":"<p>Notes biurkowy to nie tylko praktyczne rozwi\u0105zanie, ale tak\u017ce \u015bwietny spos\u00f3b na ozdobienie swojego miejsca pracy. Dodatkowo zawiera ramk\u0119 na ma\u0142e zdj\u0119cie o wymiarach 10cm x 7,5cm.<\/p>\n","protected":false},"excerpt":{"rendered":"<p>Wymiary: ok. 21cmx12,5cm<\/p>\n","protected":false},"featured_media":717,"template":"","meta":[],"product_cat":[226,228],"product_tag":[152,149,34,151,150,153,148],"class_list":{"0":"post-733","1":"product","2":"type-product","3":"status-publish","4":"has-post-thumbnail","6":"product_cat-ramki-na-zdjecia","7":"product_cat-artykuly-papiernicze","8":"product_tag-biurko","9":"product_tag-hande-made","10":"product_tag-kartka","11":"product_tag-notes","12":"product_tag-prezent","13":"product_tag-ramka-na-zdjecie","14":"product_tag-recznie-robione","15":"pa_okladka-bez-personalizacji","16":"pa_okladka-z-personalizacja","17":"pa_wnetrze-puste-miejsce-na-zyczenia","18":"pa_wnetrze-wydrukowany-tekst-przeslany-przez-klienta","20":"first","21":"instock","22":"sold-individually","23":"shipping-taxable","24":"purchasable","25":"product-type-simple"},"_links":{"self":[{"href":"https:\/\/finascrap.pl\/index.php?rest_route=\/wp\/v2\/product\/733","targetHints":{"allow":["GET"]}}],"collection":[{"href":"https:\/\/finascrap.pl\/index.php?rest_route=\/wp\/v2\/product"}],"about":[{"href":"https:\/\/finascrap.pl\/index.php?rest_route=\/wp\/v2\/types\/product"}],"wp:featuredmedia":[{"embeddable":true,"href":"https:\/\/finascrap.pl\/index.php?rest_route=\/wp\/v2\/media\/717"}],"wp:attachment":[{"href":"https:\/\/finascrap.pl\/index.php?rest_route=%2Fwp%2Fv2%2Fmedia&parent=733"}],"wp:term":[{"taxonomy":"product_cat","embeddable":true,"href":"https:\/\/finascrap.pl\/index.php?rest_route=%2Fwp%2Fv2%2Fproduct_cat&post=733"},{"taxonomy":"product_tag","embeddable":true,"href":"https:\/\/finascrap.pl\/index.php?rest_route=%2Fwp%2Fv2%2Fproduct_tag&post=733"}],"curies":[{"name":"wp","href":"https:\/\/api.w.org\/{rel}","templated":true}]}}