{"id":705,"date":"2023-12-16T13:54:19","date_gmt":"2023-12-16T12:54:19","guid":{"rendered":"https:\/\/finascrap.pl\/?post_type=product&#038;p=705"},"modified":"2026-01-10T21:25:57","modified_gmt":"2026-01-10T20:25:57","slug":"kartka-gotowa-do-koperty-aniol","status":"publish","type":"product","link":"https:\/\/finascrap.pl\/?product=kartka-gotowa-do-koperty-aniol","title":{"rendered":"Kartka gotowa do koperty &#8222;Anio\u0142&#8221;"},"content":{"rendered":"<p>Warstwowa kartka, kt\u00f3r\u0105 mo\u017cna wr\u0119czy\u0107 z okazji \u015awi\u0105t Bo\u017cego Narodzenia.<br \/>\nW zestawie z kopert\u0105.<\/p>\n","protected":false},"excerpt":{"rendered":"<p>Wymiary: ok. 13cm x 13cm<br \/>\nOpakowanie: koperta<\/p>\n","protected":false},"featured_media":723,"template":"","meta":[],"product_cat":[221],"product_tag":[89,149,34,111,148],"class_list":{"0":"post-705","1":"product","2":"type-product","3":"status-publish","4":"has-post-thumbnail","6":"product_cat-kartki-w-kopercie","7":"product_tag-boze-narodzenie","8":"product_tag-hande-made","9":"product_tag-kartka","10":"product_tag-kartka-okolicznosciowa","11":"product_tag-recznie-robione","12":"pa_okladka-bez-personalizacji","13":"pa_okladka-z-personalizacja","14":"pa_wnetrze-puste-miejsce-na-zyczenia","15":"pa_wnetrze-wydrukowany-tekst-przeslany-przez-klienta","17":"first","18":"instock","19":"sold-individually","20":"shipping-taxable","21":"purchasable","22":"product-type-simple"},"_links":{"self":[{"href":"https:\/\/finascrap.pl\/index.php?rest_route=\/wp\/v2\/product\/705","targetHints":{"allow":["GET"]}}],"collection":[{"href":"https:\/\/finascrap.pl\/index.php?rest_route=\/wp\/v2\/product"}],"about":[{"href":"https:\/\/finascrap.pl\/index.php?rest_route=\/wp\/v2\/types\/product"}],"wp:featuredmedia":[{"embeddable":true,"href":"https:\/\/finascrap.pl\/index.php?rest_route=\/wp\/v2\/media\/723"}],"wp:attachment":[{"href":"https:\/\/finascrap.pl\/index.php?rest_route=%2Fwp%2Fv2%2Fmedia&parent=705"}],"wp:term":[{"taxonomy":"product_cat","embeddable":true,"href":"https:\/\/finascrap.pl\/index.php?rest_route=%2Fwp%2Fv2%2Fproduct_cat&post=705"},{"taxonomy":"product_tag","embeddable":true,"href":"https:\/\/finascrap.pl\/index.php?rest_route=%2Fwp%2Fv2%2Fproduct_tag&post=705"}],"curies":[{"name":"wp","href":"https:\/\/api.w.org\/{rel}","templated":true}]}}