{"id":671,"date":"2023-12-10T13:37:58","date_gmt":"2023-12-10T12:37:58","guid":{"rendered":"https:\/\/finascrap.pl\/?post_type=product&#038;p=671"},"modified":"2026-01-10T21:27:51","modified_gmt":"2026-01-10T20:27:51","slug":"ozdoba-choinkowa-zimowa-sarenka","status":"publish","type":"product","link":"https:\/\/finascrap.pl\/?product=ozdoba-choinkowa-zimowa-sarenka","title":{"rendered":"Ozdoba choinkowa &#8222;Zimowa sarenka&#8221;"},"content":{"rendered":"<p>Ozdoba choinkowa wykonana na bazie beermaty (tektury) oraz papieru \u015bwietnie nadaje si\u0119 do dekoracji choinki. Jest lekka i w przeciwie\u0144stwie do tradycyjnych bombek nie t\u0142ucze si\u0119. Mo\u017cna ni\u0105 ozdobi\u0107 choink\u0119, stroik lub powiesi\u0107 na \u015bcianie.<\/p>\n<p>Sprawdzi si\u0119 te\u017c doskonale jako zawieszka na prezent, poniewa\u017c po drugiej stronie produktu znajduje si\u0119 miejsce na podpis lub \u017cyczenia.<\/p>\n","protected":false},"excerpt":{"rendered":"<p>Wymiary produktu: ok. 8cm\/9cm<\/p>\n<p>Spos\u00f3b zapakowania: woreczek foliowy.<\/p>\n","protected":false},"featured_media":655,"template":"","meta":[],"product_cat":[222],"product_tag":[114,102,116,145,115,101,118,117],"class_list":{"0":"post-671","1":"product","2":"type-product","3":"status-publish","4":"has-post-thumbnail","6":"product_cat-drobne-upominki","7":"product_tag-bombka","8":"product_tag-choinka","9":"product_tag-dekoracja","10":"product_tag-mikolaj","11":"product_tag-ozdoba","12":"product_tag-tekturki","13":"product_tag-zawieszka-na-prezent","14":"product_tag-zyczenia","16":"first","17":"instock","18":"sold-individually","19":"shipping-taxable","20":"purchasable","21":"product-type-simple"},"_links":{"self":[{"href":"https:\/\/finascrap.pl\/index.php?rest_route=\/wp\/v2\/product\/671","targetHints":{"allow":["GET"]}}],"collection":[{"href":"https:\/\/finascrap.pl\/index.php?rest_route=\/wp\/v2\/product"}],"about":[{"href":"https:\/\/finascrap.pl\/index.php?rest_route=\/wp\/v2\/types\/product"}],"wp:featuredmedia":[{"embeddable":true,"href":"https:\/\/finascrap.pl\/index.php?rest_route=\/wp\/v2\/media\/655"}],"wp:attachment":[{"href":"https:\/\/finascrap.pl\/index.php?rest_route=%2Fwp%2Fv2%2Fmedia&parent=671"}],"wp:term":[{"taxonomy":"product_cat","embeddable":true,"href":"https:\/\/finascrap.pl\/index.php?rest_route=%2Fwp%2Fv2%2Fproduct_cat&post=671"},{"taxonomy":"product_tag","embeddable":true,"href":"https:\/\/finascrap.pl\/index.php?rest_route=%2Fwp%2Fv2%2Fproduct_tag&post=671"}],"curies":[{"name":"wp","href":"https:\/\/api.w.org\/{rel}","templated":true}]}}