{"id":664,"date":"2023-12-10T13:26:11","date_gmt":"2023-12-10T12:26:11","guid":{"rendered":"https:\/\/finascrap.pl\/?post_type=product&#038;p=664"},"modified":"2026-01-10T21:34:52","modified_gmt":"2026-01-10T20:34:52","slug":"ozdoba-choinkowa-dwie-male-myszki","status":"publish","type":"product","link":"https:\/\/finascrap.pl\/?product=ozdoba-choinkowa-dwie-male-myszki","title":{"rendered":"Ozdoba choinkowa &#8222;Dwie ma\u0142e myszki&#8221;"},"content":{"rendered":"<p>Ma\u0142a ozdoba choinkowa wykonana na bazie beermaty (tektury) oraz papieru \u015bwietnie nadaje si\u0119 do dekoracji choinki. Jest lekka i w przeciwie\u0144stwie do tradycyjnych bombek nie t\u0142ucze si\u0119. Mo\u017cna ni\u0105 ozdobi\u0107 choink\u0119, stroik lub powiesi\u0107 na \u015bcianie.<\/p>\n<p>Sprawdzi si\u0119 te\u017c doskonale jako zawieszka na prezent, poniewa\u017c po drugiej stronie produktu znajduje si\u0119 miejsce na podpis lub \u017cyczenia.<\/p>\n","protected":false},"excerpt":{"rendered":"<p>Wymiary produktu: ok. 8cm\/6cm<\/p>\n<p>Spos\u00f3b zapakowania: woreczek foliowy.<\/p>\n","protected":false},"featured_media":643,"template":"","meta":[],"product_cat":[222],"product_tag":[114,116,115,101,118,117],"class_list":{"0":"post-664","1":"product","2":"type-product","3":"status-publish","4":"has-post-thumbnail","6":"product_cat-drobne-upominki","7":"product_tag-bombka","8":"product_tag-dekoracja","9":"product_tag-ozdoba","10":"product_tag-tekturki","11":"product_tag-zawieszka-na-prezent","12":"product_tag-zyczenia","14":"first","15":"instock","16":"sold-individually","17":"shipping-taxable","18":"purchasable","19":"product-type-simple"},"_links":{"self":[{"href":"https:\/\/finascrap.pl\/index.php?rest_route=\/wp\/v2\/product\/664","targetHints":{"allow":["GET"]}}],"collection":[{"href":"https:\/\/finascrap.pl\/index.php?rest_route=\/wp\/v2\/product"}],"about":[{"href":"https:\/\/finascrap.pl\/index.php?rest_route=\/wp\/v2\/types\/product"}],"wp:featuredmedia":[{"embeddable":true,"href":"https:\/\/finascrap.pl\/index.php?rest_route=\/wp\/v2\/media\/643"}],"wp:attachment":[{"href":"https:\/\/finascrap.pl\/index.php?rest_route=%2Fwp%2Fv2%2Fmedia&parent=664"}],"wp:term":[{"taxonomy":"product_cat","embeddable":true,"href":"https:\/\/finascrap.pl\/index.php?rest_route=%2Fwp%2Fv2%2Fproduct_cat&post=664"},{"taxonomy":"product_tag","embeddable":true,"href":"https:\/\/finascrap.pl\/index.php?rest_route=%2Fwp%2Fv2%2Fproduct_tag&post=664"}],"curies":[{"name":"wp","href":"https:\/\/api.w.org\/{rel}","templated":true}]}}