{"id":635,"date":"2023-12-01T18:34:59","date_gmt":"2023-12-01T17:34:59","guid":{"rendered":"https:\/\/finascrap.pl\/?post_type=product&#038;p=635"},"modified":"2026-01-10T21:40:55","modified_gmt":"2026-01-10T20:40:55","slug":"metryczka-3d-bocian","status":"publish","type":"product","link":"https:\/\/finascrap.pl\/?product=metryczka-3d-bocian","title":{"rendered":"Metryczka 3D &#8222;Bocian&#8221;"},"content":{"rendered":"<p>Metryczka 3D to po\u0142\u0105czenie pami\u0105tki z narodzin Dziecka z idealnie dobran\u0105 ozdob\u0105 domu. Powinna zawiera\u0107 takie informacje, jak: imi\u0119, data i godzina narodzin, masa i d\u0142ugo\u015b\u0107 cia\u0142a maluszka. Mo\u017cna r\u00f3wnie\u017c umie\u015bci\u0107 na niej inne, dowolne dane.<\/p>\n<p>Zaprezentowane w galerii dane oraz zdj\u0119cie s\u0105 przyk\u0142adowe i nie stanowi\u0105 elementu zestawu. Wybrana przez Ciebie ramka 3D zostanie uzupe\u0142niona podanymi przez Ciebie danymi oraz zdj\u0119ciem.<\/p>\n<p><em>Pami\u0119taj, aby dane oraz zdj\u0119cie Dziecka\u00a0 przes\u0142a\u0107 niezw\u0142ocznie po zakupie\u00a0 na adres: <strong>finascrap@gmial.com<\/strong>\u00a0<\/em><\/p>\n<p><em>W odpowiedzi\u00a0 na wiadomo\u015b\u0107 mailow\u0105 otrzymasz zdj\u0119cie gotowej pracy.<\/em>\u00a0<em>Czas realizacji zlecenia liczy si\u0119 od momentu zatwierdzenia przez Ciebie projektu.<\/em><\/p>\n","protected":false},"excerpt":{"rendered":"<p>&nbsp;<\/p>\n<p>Wymiary: ok. 25 cm x 25 cm<\/p>\n","protected":false},"featured_media":632,"template":"","meta":[],"product_cat":[229],"product_tag":[90,143,144],"class_list":{"0":"post-635","1":"product","2":"type-product","3":"status-publish","4":"has-post-thumbnail","6":"product_cat-metryczki-3d","7":"product_tag-dziecko","8":"product_tag-metryczka-3d","9":"product_tag-narodziny","11":"first","12":"instock","13":"sold-individually","14":"shipping-taxable","15":"purchasable","16":"product-type-simple"},"_links":{"self":[{"href":"https:\/\/finascrap.pl\/index.php?rest_route=\/wp\/v2\/product\/635","targetHints":{"allow":["GET"]}}],"collection":[{"href":"https:\/\/finascrap.pl\/index.php?rest_route=\/wp\/v2\/product"}],"about":[{"href":"https:\/\/finascrap.pl\/index.php?rest_route=\/wp\/v2\/types\/product"}],"wp:featuredmedia":[{"embeddable":true,"href":"https:\/\/finascrap.pl\/index.php?rest_route=\/wp\/v2\/media\/632"}],"wp:attachment":[{"href":"https:\/\/finascrap.pl\/index.php?rest_route=%2Fwp%2Fv2%2Fmedia&parent=635"}],"wp:term":[{"taxonomy":"product_cat","embeddable":true,"href":"https:\/\/finascrap.pl\/index.php?rest_route=%2Fwp%2Fv2%2Fproduct_cat&post=635"},{"taxonomy":"product_tag","embeddable":true,"href":"https:\/\/finascrap.pl\/index.php?rest_route=%2Fwp%2Fv2%2Fproduct_tag&post=635"}],"curies":[{"name":"wp","href":"https:\/\/api.w.org\/{rel}","templated":true}]}}