{"id":630,"date":"2023-12-01T18:28:04","date_gmt":"2023-12-01T17:28:04","guid":{"rendered":"https:\/\/finascrap.pl\/?post_type=product&#038;p=630"},"modified":"2026-01-10T19:31:33","modified_gmt":"2026-01-10T18:31:33","slug":"magnes-jesienne-dni","status":"publish","type":"product","link":"https:\/\/finascrap.pl\/?product=magnes-jesienne-dni","title":{"rendered":"Magnes &#8222;Jesienne dni&#8221;"},"content":{"rendered":"<p>Magnes to doskona\u0142y zamiennik tradycyjnej kartki. Je\u015bli obdarowana osoba umie\u015bci go na lod\u00f3wce, mo\u017cesz mie\u0107 pewno\u015b\u0107, \u017ce o Tobie nie zapomni.<\/p>\n","protected":false},"excerpt":{"rendered":"<p>Magnes na lod\u00f3wk\u0119 Dzie\u0144 Matki<\/p>\n<p>Wymiary: ok. 14,5 cm x 15 cm<br \/>\nOpakowanie (delikatny kartonik): ok. 15,5 cm x 15,5 cm<\/p>\n","protected":false},"featured_media":631,"template":"","meta":[],"product_cat":[223],"product_tag":[96,48,142],"class_list":{"0":"post-630","1":"product","2":"type-product","3":"status-publish","4":"has-post-thumbnail","6":"product_cat-magnesy","7":"product_tag-dzien-nauczyciela","8":"product_tag-magnes","9":"product_tag-pierwszy-dzien-szkoly","11":"first","12":"instock","13":"sold-individually","14":"shipping-taxable","15":"purchasable","16":"product-type-simple"},"_links":{"self":[{"href":"https:\/\/finascrap.pl\/index.php?rest_route=\/wp\/v2\/product\/630","targetHints":{"allow":["GET"]}}],"collection":[{"href":"https:\/\/finascrap.pl\/index.php?rest_route=\/wp\/v2\/product"}],"about":[{"href":"https:\/\/finascrap.pl\/index.php?rest_route=\/wp\/v2\/types\/product"}],"wp:featuredmedia":[{"embeddable":true,"href":"https:\/\/finascrap.pl\/index.php?rest_route=\/wp\/v2\/media\/631"}],"wp:attachment":[{"href":"https:\/\/finascrap.pl\/index.php?rest_route=%2Fwp%2Fv2%2Fmedia&parent=630"}],"wp:term":[{"taxonomy":"product_cat","embeddable":true,"href":"https:\/\/finascrap.pl\/index.php?rest_route=%2Fwp%2Fv2%2Fproduct_cat&post=630"},{"taxonomy":"product_tag","embeddable":true,"href":"https:\/\/finascrap.pl\/index.php?rest_route=%2Fwp%2Fv2%2Fproduct_tag&post=630"}],"curies":[{"name":"wp","href":"https:\/\/api.w.org\/{rel}","templated":true}]}}