{"id":607,"date":"2023-12-01T17:00:05","date_gmt":"2023-12-01T16:00:05","guid":{"rendered":"https:\/\/finascrap.pl\/?post_type=product&#038;p=607"},"modified":"2026-01-10T21:47:37","modified_gmt":"2026-01-10T20:47:37","slug":"zestaw-kreatywny-pastelowy-mis","status":"publish","type":"product","link":"https:\/\/finascrap.pl\/?product=zestaw-kreatywny-pastelowy-mis","title":{"rendered":"Zestaw kreatywny &#8222;Pastelowy mi\u015b&#8221;"},"content":{"rendered":"<p><strong>Zestaw kreatywny<\/strong> sk\u0142ada si\u0119 z:<\/p>\n<p>&#8211; dw\u00f3ch tekturowych element\u00f3w o grubo\u015bci 1,5mm. Pierwszy z nich stanowi baz\u0119, a drugi ramk\u0119, kt\u00f3r\u0105 nale\u017cy przyklei\u0107 do bazy,<\/p>\n<p>-b\u0142yszcz\u0105cego konfetti w 6 kolorach,<\/p>\n<p>-kleju w p\u0142ynie 40 ml.<\/p>\n<p>Dzieci mog\u0105 barwi\u0107 tektur\u0119 na r\u00f3\u017cne sposoby. Mog\u0105 u\u017cywa\u0107 do tego kredek, flamastr\u00f3w, tusz\u00f3w. Mog\u0105 te\u017c je pomalowa\u0107 farb\u0105 (bez nadmiaru wody). Najciekawsze wyko\u0144czenie uzyskaj\u0105 za pomoc\u0105 brokatu, kulek, modeliny, piankoliny, waty, itp. Niecodzienny efekt mo\u017cna te\u017c osi\u0105gn\u0105\u0107, posypuj\u0105c posmarowane klejem kszta\u0142ty piaskiem, r\u00f3\u017cnego rodzaju ziarnami, kasz\u0105. Zastosowa\u0144 mo\u017ce by\u0107 mn\u00f3stwo! Jak sama nazwa wskazuje, s\u0105 to zestawy pobudzaj\u0105ce kreatywno\u015b\u0107.<\/p>\n<p><strong>Uwaga! Rabat 10%<\/strong> na kolejne zakupy dla os\u00f3b, kt\u00f3re prze\u015bl\u0105 zdj\u0119cie wykonanych prac. Wys\u0142anie zdj\u0119\u0107 na adres finascrap@gmail.com jest r\u00f3wnoznaczne z udzieleniem zgody na publikowanie ich w galerii produkt\u00f3w w sklepie finascrap.pl oraz w mediach spo\u0142eczno\u015bciowych sklepu.<\/p>\n","protected":false},"excerpt":{"rendered":"<p>Wymiary wi\u0119kszej tekturki: ok.12 cm\/18 cm<\/p>\n<p>Spos\u00f3b zapakowania: woreczek foliowy.<\/p>\n","protected":false},"featured_media":608,"template":"","meta":[],"product_cat":[230],"product_tag":[129,125,70,124,101,126],"class_list":{"0":"post-607","1":"product","2":"type-product","3":"status-publish","4":"has-post-thumbnail","6":"product_cat-zestawy-kreatywne-i-edukacyjne-dla-dzieci","7":"product_tag-babeczka","8":"product_tag-dzieci","9":"product_tag-hobby","10":"product_tag-prace-kreatywne","11":"product_tag-tekturki","12":"product_tag-zajecia-plastyczne","14":"first","15":"instock","16":"sold-individually","17":"shipping-taxable","18":"purchasable","19":"product-type-simple"},"_links":{"self":[{"href":"https:\/\/finascrap.pl\/index.php?rest_route=\/wp\/v2\/product\/607","targetHints":{"allow":["GET"]}}],"collection":[{"href":"https:\/\/finascrap.pl\/index.php?rest_route=\/wp\/v2\/product"}],"about":[{"href":"https:\/\/finascrap.pl\/index.php?rest_route=\/wp\/v2\/types\/product"}],"wp:featuredmedia":[{"embeddable":true,"href":"https:\/\/finascrap.pl\/index.php?rest_route=\/wp\/v2\/media\/608"}],"wp:attachment":[{"href":"https:\/\/finascrap.pl\/index.php?rest_route=%2Fwp%2Fv2%2Fmedia&parent=607"}],"wp:term":[{"taxonomy":"product_cat","embeddable":true,"href":"https:\/\/finascrap.pl\/index.php?rest_route=%2Fwp%2Fv2%2Fproduct_cat&post=607"},{"taxonomy":"product_tag","embeddable":true,"href":"https:\/\/finascrap.pl\/index.php?rest_route=%2Fwp%2Fv2%2Fproduct_tag&post=607"}],"curies":[{"name":"wp","href":"https:\/\/api.w.org\/{rel}","templated":true}]}}