{"id":571,"date":"2023-12-01T13:56:52","date_gmt":"2023-12-01T12:56:52","guid":{"rendered":"https:\/\/finascrap.pl\/?post_type=product&#038;p=571"},"modified":"2026-01-10T21:34:35","modified_gmt":"2026-01-10T20:34:35","slug":"ozdoba-choinkowa-zimowy-las","status":"publish","type":"product","link":"https:\/\/finascrap.pl\/?product=ozdoba-choinkowa-zimowy-las","title":{"rendered":"Ozdoba choinkowa &#8222;Zimowy las&#8221;"},"content":{"rendered":"<p>Ozdoba choinkowa wykonana na bazie beermaty (tektury) \u015bwietnie nadaje si\u0119 do dekoracji choinki. Jest lekka i w przeciwie\u0144stwie do tradycyjnych bombek nie t\u0142ucze si\u0119. Mo\u017cna ni\u0105 ozdobi\u0107 choink\u0119, stroik lub powiesi\u0107 na \u015bcianie.<\/p>\n","protected":false},"excerpt":{"rendered":"<p>Wymiary produktu: ok. 7cm\/9cm<\/p>\n<p>Spos\u00f3b zapakowania: woreczek foliowy.<\/p>\n","protected":false},"featured_media":572,"template":"","meta":[],"product_cat":[222],"product_tag":[114,116,115,101,117],"class_list":{"0":"post-571","1":"product","2":"type-product","3":"status-publish","4":"has-post-thumbnail","6":"product_cat-drobne-upominki","7":"product_tag-bombka","8":"product_tag-dekoracja","9":"product_tag-ozdoba","10":"product_tag-tekturki","11":"product_tag-zyczenia","13":"first","14":"instock","15":"shipping-taxable","16":"purchasable","17":"product-type-simple"},"_links":{"self":[{"href":"https:\/\/finascrap.pl\/index.php?rest_route=\/wp\/v2\/product\/571","targetHints":{"allow":["GET"]}}],"collection":[{"href":"https:\/\/finascrap.pl\/index.php?rest_route=\/wp\/v2\/product"}],"about":[{"href":"https:\/\/finascrap.pl\/index.php?rest_route=\/wp\/v2\/types\/product"}],"wp:featuredmedia":[{"embeddable":true,"href":"https:\/\/finascrap.pl\/index.php?rest_route=\/wp\/v2\/media\/572"}],"wp:attachment":[{"href":"https:\/\/finascrap.pl\/index.php?rest_route=%2Fwp%2Fv2%2Fmedia&parent=571"}],"wp:term":[{"taxonomy":"product_cat","embeddable":true,"href":"https:\/\/finascrap.pl\/index.php?rest_route=%2Fwp%2Fv2%2Fproduct_cat&post=571"},{"taxonomy":"product_tag","embeddable":true,"href":"https:\/\/finascrap.pl\/index.php?rest_route=%2Fwp%2Fv2%2Fproduct_tag&post=571"}],"curies":[{"name":"wp","href":"https:\/\/api.w.org\/{rel}","templated":true}]}}