{"id":557,"date":"2023-12-01T13:42:43","date_gmt":"2023-12-01T12:42:43","guid":{"rendered":"https:\/\/finascrap.pl\/?post_type=product&#038;p=557"},"modified":"2026-01-11T18:10:59","modified_gmt":"2026-01-11T17:10:59","slug":"zawieszka-na-prezent-swiateczny-lisek","status":"publish","type":"product","link":"https:\/\/finascrap.pl\/?product=zawieszka-na-prezent-swiateczny-lisek","title":{"rendered":"Zawieszka na prezent &#8222;\u015awi\u0105teczny lisek&#8221;"},"content":{"rendered":"<p>Zawieszka na prezent zosta\u0142a wykonana na bazie beermaty (tektury) . Na jej drugiej stronie znajduje si\u0119 miejsce na podpis lub \u017cyczenia.<\/p>\n","protected":false},"excerpt":{"rendered":"<p>Wymiary produktu: ok. 10,5\/6,5cm<\/p>\n<p>Spos\u00f3b zapakowania: woreczek foliowy.<\/p>\n","protected":false},"featured_media":558,"template":"","meta":[],"product_cat":[222],"product_tag":[116,115,119,101,118,117],"class_list":{"0":"post-557","1":"product","2":"type-product","3":"status-publish","4":"has-post-thumbnail","6":"product_cat-drobne-upominki","7":"product_tag-dekoracja","8":"product_tag-ozdoba","9":"product_tag-tag","10":"product_tag-tekturki","11":"product_tag-zawieszka-na-prezent","12":"product_tag-zyczenia","14":"first","15":"instock","16":"sold-individually","17":"shipping-taxable","18":"purchasable","19":"product-type-simple"},"_links":{"self":[{"href":"https:\/\/finascrap.pl\/index.php?rest_route=\/wp\/v2\/product\/557","targetHints":{"allow":["GET"]}}],"collection":[{"href":"https:\/\/finascrap.pl\/index.php?rest_route=\/wp\/v2\/product"}],"about":[{"href":"https:\/\/finascrap.pl\/index.php?rest_route=\/wp\/v2\/types\/product"}],"wp:featuredmedia":[{"embeddable":true,"href":"https:\/\/finascrap.pl\/index.php?rest_route=\/wp\/v2\/media\/558"}],"wp:attachment":[{"href":"https:\/\/finascrap.pl\/index.php?rest_route=%2Fwp%2Fv2%2Fmedia&parent=557"}],"wp:term":[{"taxonomy":"product_cat","embeddable":true,"href":"https:\/\/finascrap.pl\/index.php?rest_route=%2Fwp%2Fv2%2Fproduct_cat&post=557"},{"taxonomy":"product_tag","embeddable":true,"href":"https:\/\/finascrap.pl\/index.php?rest_route=%2Fwp%2Fv2%2Fproduct_tag&post=557"}],"curies":[{"name":"wp","href":"https:\/\/api.w.org\/{rel}","templated":true}]}}