{"id":554,"date":"2023-12-01T13:38:41","date_gmt":"2023-12-01T12:38:41","guid":{"rendered":"https:\/\/finascrap.pl\/?post_type=product&#038;p=554"},"modified":"2026-01-11T18:11:13","modified_gmt":"2026-01-11T17:11:13","slug":"zawieszka-na-prezent-sanki-z-balwankiem","status":"publish","type":"product","link":"https:\/\/finascrap.pl\/?product=zawieszka-na-prezent-sanki-z-balwankiem","title":{"rendered":"Zawieszka na prezent &#8222;Sanki z ba\u0142wankiem&#8221;"},"content":{"rendered":"<p>Zawieszka na prezent zosta\u0142a wykonana na bazie beermaty (tektury) . Na jej drugiej stronie znajduje si\u0119 miejsce na podpis lub \u017cyczenia.<\/p>\n","protected":false},"excerpt":{"rendered":"<p>Wymiary produktu: ok. 9cm\/7cm<\/p>\n<p>Spos\u00f3b zapakowania: woreczek foliowy.<\/p>\n","protected":false},"featured_media":555,"template":"","meta":[],"product_cat":[222,174],"product_tag":[114,116,115,101,117],"class_list":{"0":"post-554","1":"product","2":"type-product","3":"status-publish","4":"has-post-thumbnail","6":"product_cat-drobne-upominki","7":"product_cat-kartki","8":"product_tag-bombka","9":"product_tag-dekoracja","10":"product_tag-ozdoba","11":"product_tag-tekturki","12":"product_tag-zyczenia","14":"first","15":"instock","16":"sold-individually","17":"shipping-taxable","18":"purchasable","19":"product-type-simple"},"_links":{"self":[{"href":"https:\/\/finascrap.pl\/index.php?rest_route=\/wp\/v2\/product\/554","targetHints":{"allow":["GET"]}}],"collection":[{"href":"https:\/\/finascrap.pl\/index.php?rest_route=\/wp\/v2\/product"}],"about":[{"href":"https:\/\/finascrap.pl\/index.php?rest_route=\/wp\/v2\/types\/product"}],"wp:featuredmedia":[{"embeddable":true,"href":"https:\/\/finascrap.pl\/index.php?rest_route=\/wp\/v2\/media\/555"}],"wp:attachment":[{"href":"https:\/\/finascrap.pl\/index.php?rest_route=%2Fwp%2Fv2%2Fmedia&parent=554"}],"wp:term":[{"taxonomy":"product_cat","embeddable":true,"href":"https:\/\/finascrap.pl\/index.php?rest_route=%2Fwp%2Fv2%2Fproduct_cat&post=554"},{"taxonomy":"product_tag","embeddable":true,"href":"https:\/\/finascrap.pl\/index.php?rest_route=%2Fwp%2Fv2%2Fproduct_tag&post=554"}],"curies":[{"name":"wp","href":"https:\/\/api.w.org\/{rel}","templated":true}]}}