{"id":548,"date":"2023-12-01T13:25:32","date_gmt":"2023-12-01T12:25:32","guid":{"rendered":"https:\/\/finascrap.pl\/?post_type=product&#038;p=548"},"modified":"2026-01-10T21:33:55","modified_gmt":"2026-01-10T20:33:55","slug":"ozdoba-choinkowa-niebieski-jelonek","status":"publish","type":"product","link":"https:\/\/finascrap.pl\/?product=ozdoba-choinkowa-niebieski-jelonek","title":{"rendered":"Ozdoba choinkowa &#8222;Niebieski Jelonek&#8221;"},"content":{"rendered":"<p>Ozdoba choinkowa zosta\u0142a wykonana na bazie beermaty (tektury). Zawiera shaker, czyli przezroczyste plastikowe okienko wype\u0142nione mieni\u0105cymi si\u0119 drobinkami.<\/p>\n<p>Jest lekka i w przeciwie\u0144stwie do tradycyjnych bombek nie t\u0142ucze si\u0119. Mo\u017cna ni\u0105 ozdobi\u0107 choink\u0119, stroik lub powiesi\u0107 na \u015bcianie. Sprawdzi si\u0119 te\u017c doskonale jako zawieszka na prezent, poniewa\u017c po drugiej stronie produktu znajduje si\u0119 miejsce na podpis lub \u017cyczenia.<\/p>\n","protected":false},"excerpt":{"rendered":"<p>Wymiary produktu: ok. 6,5cm\/8cm<\/p>\n<p>Spos\u00f3b zapakowania: woreczek foliowy.<\/p>\n","protected":false},"featured_media":551,"template":"","meta":[],"product_cat":[222],"product_tag":[114,116,115,101,117],"class_list":{"0":"post-548","1":"product","2":"type-product","3":"status-publish","4":"has-post-thumbnail","6":"product_cat-drobne-upominki","7":"product_tag-bombka","8":"product_tag-dekoracja","9":"product_tag-ozdoba","10":"product_tag-tekturki","11":"product_tag-zyczenia","13":"first","14":"instock","15":"sold-individually","16":"shipping-taxable","17":"purchasable","18":"product-type-simple"},"_links":{"self":[{"href":"https:\/\/finascrap.pl\/index.php?rest_route=\/wp\/v2\/product\/548","targetHints":{"allow":["GET"]}}],"collection":[{"href":"https:\/\/finascrap.pl\/index.php?rest_route=\/wp\/v2\/product"}],"about":[{"href":"https:\/\/finascrap.pl\/index.php?rest_route=\/wp\/v2\/types\/product"}],"wp:featuredmedia":[{"embeddable":true,"href":"https:\/\/finascrap.pl\/index.php?rest_route=\/wp\/v2\/media\/551"}],"wp:attachment":[{"href":"https:\/\/finascrap.pl\/index.php?rest_route=%2Fwp%2Fv2%2Fmedia&parent=548"}],"wp:term":[{"taxonomy":"product_cat","embeddable":true,"href":"https:\/\/finascrap.pl\/index.php?rest_route=%2Fwp%2Fv2%2Fproduct_cat&post=548"},{"taxonomy":"product_tag","embeddable":true,"href":"https:\/\/finascrap.pl\/index.php?rest_route=%2Fwp%2Fv2%2Fproduct_tag&post=548"}],"curies":[{"name":"wp","href":"https:\/\/api.w.org\/{rel}","templated":true}]}}