{"id":512,"date":"2023-12-01T12:48:10","date_gmt":"2023-12-01T11:48:10","guid":{"rendered":"https:\/\/finascrap.pl\/?post_type=product&#038;p=512"},"modified":"2026-01-11T18:14:24","modified_gmt":"2026-01-11T17:14:24","slug":"kartka-bezowe-urodziny","status":"publish","type":"product","link":"https:\/\/finascrap.pl\/?product=kartka-bezowe-urodziny","title":{"rendered":"Kartka &#8222;Be\u017cowe urodziny&#8221;"},"content":{"rendered":"<p>Warstwowa kartka z zak\u0142adk\u0105 na pieni\u0105dze, bony podarunkowe, zdj\u0119cia, dodatkowe \u017cyczenia, itp.<\/p>\n<div class=\"woocommerce-tabs wc-tabs-wrapper\"><\/div>\n","protected":false},"excerpt":{"rendered":"<p>Kartka\u00a0DL<\/p>\n<p>Wymiary: 10cm x 21cm<br \/>\nOpakowanie (delikatny kartonik) o wymiarach: 11cm x 22 cm<\/p>\n","protected":false},"featured_media":517,"template":"","meta":[],"product_cat":[224],"product_tag":[47,49,34,111,45],"class_list":{"0":"post-512","1":"product","2":"type-product","3":"status-publish","4":"has-post-thumbnail","6":"product_cat-kartki-w-pudelku","7":"product_tag-gratulacje","8":"product_tag-imieniny","9":"product_tag-kartka","10":"product_tag-kartka-okolicznosciowa","11":"product_tag-urodziny","12":"pa_okladka-bez-personalizacji","13":"pa_okladka-z-personalizacja","14":"pa_wnetrze-puste-miejsce-na-zyczenia","15":"pa_wnetrze-wydrukowany-tekst-przeslany-przez-klienta","17":"first","18":"instock","19":"sold-individually","20":"shipping-taxable","21":"purchasable","22":"product-type-simple"},"_links":{"self":[{"href":"https:\/\/finascrap.pl\/index.php?rest_route=\/wp\/v2\/product\/512","targetHints":{"allow":["GET"]}}],"collection":[{"href":"https:\/\/finascrap.pl\/index.php?rest_route=\/wp\/v2\/product"}],"about":[{"href":"https:\/\/finascrap.pl\/index.php?rest_route=\/wp\/v2\/types\/product"}],"wp:featuredmedia":[{"embeddable":true,"href":"https:\/\/finascrap.pl\/index.php?rest_route=\/wp\/v2\/media\/517"}],"wp:attachment":[{"href":"https:\/\/finascrap.pl\/index.php?rest_route=%2Fwp%2Fv2%2Fmedia&parent=512"}],"wp:term":[{"taxonomy":"product_cat","embeddable":true,"href":"https:\/\/finascrap.pl\/index.php?rest_route=%2Fwp%2Fv2%2Fproduct_cat&post=512"},{"taxonomy":"product_tag","embeddable":true,"href":"https:\/\/finascrap.pl\/index.php?rest_route=%2Fwp%2Fv2%2Fproduct_tag&post=512"}],"curies":[{"name":"wp","href":"https:\/\/api.w.org\/{rel}","templated":true}]}}