{"id":491,"date":"2023-11-25T16:03:24","date_gmt":"2023-11-25T15:03:24","guid":{"rendered":"https:\/\/finascrap.pl\/?post_type=product&#038;p=491"},"modified":"2026-01-11T18:16:19","modified_gmt":"2026-01-11T17:16:19","slug":"zestaw-tekturek-boze-narodzenie-1","status":"publish","type":"product","link":"https:\/\/finascrap.pl\/?product=zestaw-tekturek-boze-narodzenie-1","title":{"rendered":"Zestaw tekturek &#8222;Bo\u017ce Narodzenie 1&#8221;"},"content":{"rendered":"<p>Tekturki z beermaty to ulubiony produkt scraperek i scraper\u00f3w. Wspaniale prezentuj\u0105 si\u0119 na kartkach i innych projektach scrapbookingowych. \u015awietnie sprawdz\u0105 si\u0119 tak\u017ce w pracach dzieci\u0119cych. Mo\u017cna je pokolorowa\u0107 o\u0142\u00f3wkiem, kredkami, flamastrami, pomalowa\u0107 farbami lub zabarwi\u0107 tuszami.<\/p>\n<p>Podana cena obejmuje ca\u0142y zestaw zaprezentowany na zdj\u0119ciu.<\/p>\n<p>Materia\u0142: beermata o grubo\u015bci 1,5 mm<\/p>\n","protected":false},"excerpt":{"rendered":"<p>Tekturki z beermaty to ulubiony produkt scraperek i scraper\u00f3w. Wspaniale prezentuj\u0105 si\u0119 na kartkach i innych projektach scrapbookingowych. \u015awietnie sprawdz\u0105 si\u0119 tak\u017ce w pracach dzieci\u0119cych. Mo\u017cna je pokolorowa\u0107 o\u0142\u00f3wkiem, kredkami, flamastrami, pomalowa\u0107 farbami lub zabarwi\u0107 tuszami. Podana cena obejmuje ca\u0142y zestaw zaprezentowany na zdj\u0119ciu. Materia\u0142: beermata o grubo\u015bci 1,5 mm<\/p>\n","protected":false},"featured_media":492,"template":"","meta":[],"product_cat":[220],"product_tag":[89,102,104,103,105,101],"class_list":{"0":"post-491","1":"product","2":"type-product","3":"status-publish","4":"has-post-thumbnail","6":"product_cat-inne","7":"product_tag-boze-narodzenie","8":"product_tag-choinka","9":"product_tag-ciasteczkowy-ludzik","10":"product_tag-ciastek","11":"product_tag-renifer","12":"product_tag-tekturki","14":"first","15":"instock","16":"sold-individually","17":"shipping-taxable","18":"purchasable","19":"product-type-simple"},"_links":{"self":[{"href":"https:\/\/finascrap.pl\/index.php?rest_route=\/wp\/v2\/product\/491","targetHints":{"allow":["GET"]}}],"collection":[{"href":"https:\/\/finascrap.pl\/index.php?rest_route=\/wp\/v2\/product"}],"about":[{"href":"https:\/\/finascrap.pl\/index.php?rest_route=\/wp\/v2\/types\/product"}],"wp:featuredmedia":[{"embeddable":true,"href":"https:\/\/finascrap.pl\/index.php?rest_route=\/wp\/v2\/media\/492"}],"wp:attachment":[{"href":"https:\/\/finascrap.pl\/index.php?rest_route=%2Fwp%2Fv2%2Fmedia&parent=491"}],"wp:term":[{"taxonomy":"product_cat","embeddable":true,"href":"https:\/\/finascrap.pl\/index.php?rest_route=%2Fwp%2Fv2%2Fproduct_cat&post=491"},{"taxonomy":"product_tag","embeddable":true,"href":"https:\/\/finascrap.pl\/index.php?rest_route=%2Fwp%2Fv2%2Fproduct_tag&post=491"}],"curies":[{"name":"wp","href":"https:\/\/api.w.org\/{rel}","templated":true}]}}