{"id":469,"date":"2023-11-23T16:54:47","date_gmt":"2023-11-23T15:54:47","guid":{"rendered":"https:\/\/finascrap.pl\/?post_type=product&#038;p=469"},"modified":"2026-01-11T18:22:54","modified_gmt":"2026-01-11T17:22:54","slug":"czekoladownik-swieta-sredni","status":"publish","type":"product","link":"https:\/\/finascrap.pl\/?product=czekoladownik-swieta-sredni","title":{"rendered":"Czekoladownik &#8222;\u015awi\u0119ta&#8221; \u015bredni"},"content":{"rendered":"<p>Czekoladownik to odpowiednik kartki okoliczno\u015bciowej, do kt\u00f3rego zmie\u015bci si\u0119 czekolada. Jest wi\u0119c po\u0142\u0105czeniem kartki z pi\u0119knym i oryginalnym opakowaniem.<\/p>\n<p>Prezentowany na zdj\u0119ciu czekoladownik nie zawiera czekolady.<\/p>\n<p>&nbsp;<\/p>\n","protected":false},"excerpt":{"rendered":"<p>Wymiary: ok. 18cmx10cm<\/p>\n","protected":false},"featured_media":473,"template":"","meta":[],"product_cat":[227],"product_tag":[97,96,49,34,45,95],"class_list":{"0":"post-469","1":"product","2":"type-product","3":"status-publish","4":"has-post-thumbnail","6":"product_cat-czekoladowniki","7":"product_tag-czekoladownik","8":"product_tag-dzien-nauczyciela","9":"product_tag-imieniny","10":"product_tag-kartka","11":"product_tag-urodziny","12":"product_tag-zakonczenie-roku","13":"pa_okladka-bez-personalizacji","14":"pa_okladka-z-personalizacja","16":"first","17":"instock","18":"sold-individually","19":"shipping-taxable","20":"purchasable","21":"product-type-simple"},"_links":{"self":[{"href":"https:\/\/finascrap.pl\/index.php?rest_route=\/wp\/v2\/product\/469","targetHints":{"allow":["GET"]}}],"collection":[{"href":"https:\/\/finascrap.pl\/index.php?rest_route=\/wp\/v2\/product"}],"about":[{"href":"https:\/\/finascrap.pl\/index.php?rest_route=\/wp\/v2\/types\/product"}],"wp:featuredmedia":[{"embeddable":true,"href":"https:\/\/finascrap.pl\/index.php?rest_route=\/wp\/v2\/media\/473"}],"wp:attachment":[{"href":"https:\/\/finascrap.pl\/index.php?rest_route=%2Fwp%2Fv2%2Fmedia&parent=469"}],"wp:term":[{"taxonomy":"product_cat","embeddable":true,"href":"https:\/\/finascrap.pl\/index.php?rest_route=%2Fwp%2Fv2%2Fproduct_cat&post=469"},{"taxonomy":"product_tag","embeddable":true,"href":"https:\/\/finascrap.pl\/index.php?rest_route=%2Fwp%2Fv2%2Fproduct_tag&post=469"}],"curies":[{"name":"wp","href":"https:\/\/api.w.org\/{rel}","templated":true}]}}