{"id":427,"date":"2023-11-23T15:41:16","date_gmt":"2023-11-23T14:41:16","guid":{"rendered":"https:\/\/finascrap.pl\/?post_type=product&#038;p=427"},"modified":"2026-01-11T18:29:25","modified_gmt":"2026-01-11T17:29:25","slug":"kartka-slodka-zabka-3","status":"publish","type":"product","link":"https:\/\/finascrap.pl\/?product=kartka-slodka-zabka-3","title":{"rendered":"Kartka &#8222;S\u0142odka \u017babka 3&#8221;"},"content":{"rendered":"<p>Warstwowa kartka zawieraj\u0105ca zak\u0142adk\u0119, za kt\u00f3r\u0105 zmieszcz\u0105 si\u0119 pieni\u0105dze, bony podarunkowe, zdj\u0119cia lub dodatkowe \u017cyczenia.<\/p>\n<p>&nbsp;<\/p>\n","protected":false},"excerpt":{"rendered":"<p>Kartka kwadratowa<\/p>\n<p>Wymiary: 13cm x 13cm<br \/>\nOpakowanie (delikatny kartonik) o wymiarach: 13,5cm x 13,5 cm<\/p>\n","protected":false},"featured_media":433,"template":"","meta":[],"product_cat":[224],"product_tag":[90,34,45],"class_list":{"0":"post-427","1":"product","2":"type-product","3":"status-publish","4":"has-post-thumbnail","6":"product_cat-kartki-w-pudelku","7":"product_tag-dziecko","8":"product_tag-kartka","9":"product_tag-urodziny","10":"pa_okladka-bez-personalizacji","11":"pa_okladka-z-personalizacja","12":"pa_wnetrze-puste-miejsce-na-zyczenia","13":"pa_wnetrze-wydrukowany-tekst-przeslany-przez-klienta","15":"first","16":"instock","17":"sold-individually","18":"shipping-taxable","19":"purchasable","20":"product-type-simple"},"_links":{"self":[{"href":"https:\/\/finascrap.pl\/index.php?rest_route=\/wp\/v2\/product\/427","targetHints":{"allow":["GET"]}}],"collection":[{"href":"https:\/\/finascrap.pl\/index.php?rest_route=\/wp\/v2\/product"}],"about":[{"href":"https:\/\/finascrap.pl\/index.php?rest_route=\/wp\/v2\/types\/product"}],"wp:featuredmedia":[{"embeddable":true,"href":"https:\/\/finascrap.pl\/index.php?rest_route=\/wp\/v2\/media\/433"}],"wp:attachment":[{"href":"https:\/\/finascrap.pl\/index.php?rest_route=%2Fwp%2Fv2%2Fmedia&parent=427"}],"wp:term":[{"taxonomy":"product_cat","embeddable":true,"href":"https:\/\/finascrap.pl\/index.php?rest_route=%2Fwp%2Fv2%2Fproduct_cat&post=427"},{"taxonomy":"product_tag","embeddable":true,"href":"https:\/\/finascrap.pl\/index.php?rest_route=%2Fwp%2Fv2%2Fproduct_tag&post=427"}],"curies":[{"name":"wp","href":"https:\/\/api.w.org\/{rel}","templated":true}]}}