{"id":384,"date":"2026-02-18T17:25:26","date_gmt":"2026-02-18T16:25:26","guid":{"rendered":"https:\/\/finascrap.pl\/?post_type=product&#038;p=384"},"modified":"2026-02-18T17:38:44","modified_gmt":"2026-02-18T16:38:44","slug":"albumik-harmonijkowy-zostac-mama","status":"publish","type":"product","link":"https:\/\/finascrap.pl\/?product=albumik-harmonijkowy-zostac-mama","title":{"rendered":"Albumik harmonijkowy &#8222;Zosta\u0107 mam\u0105&#8221;"},"content":{"rendered":"<p>Albumik harmonijkowy na zdj\u0119cia 10&#215;10 (wklejane) z dwiema kieszonkami.<\/p>\n<p>Zapraszamy do obejrzenia:<\/p>\n<p>https:\/\/www.instagram.com\/p\/Cr7u4NGsYoh\/?img_index=1<\/p>\n<p>https:\/\/www.instagram.com\/p\/Cr7oeUZoEEb\/<\/p>\n","protected":false},"excerpt":{"rendered":"<p>Wymiary albumiku 15cm x 15cm<\/p>\n<p>Opakowanie: pude\u0142ko tekturowe<\/p>\n","protected":false},"featured_media":1595,"template":"","meta":[],"product_cat":[232],"product_tag":[],"class_list":{"0":"post-384","1":"product","2":"type-product","3":"status-publish","4":"has-post-thumbnail","6":"product_cat-albumy","8":"first","9":"instock","10":"sale","11":"shipping-taxable","12":"purchasable","13":"product-type-simple"},"_links":{"self":[{"href":"https:\/\/finascrap.pl\/index.php?rest_route=\/wp\/v2\/product\/384","targetHints":{"allow":["GET"]}}],"collection":[{"href":"https:\/\/finascrap.pl\/index.php?rest_route=\/wp\/v2\/product"}],"about":[{"href":"https:\/\/finascrap.pl\/index.php?rest_route=\/wp\/v2\/types\/product"}],"wp:featuredmedia":[{"embeddable":true,"href":"https:\/\/finascrap.pl\/index.php?rest_route=\/wp\/v2\/media\/1595"}],"wp:attachment":[{"href":"https:\/\/finascrap.pl\/index.php?rest_route=%2Fwp%2Fv2%2Fmedia&parent=384"}],"wp:term":[{"taxonomy":"product_cat","embeddable":true,"href":"https:\/\/finascrap.pl\/index.php?rest_route=%2Fwp%2Fv2%2Fproduct_cat&post=384"},{"taxonomy":"product_tag","embeddable":true,"href":"https:\/\/finascrap.pl\/index.php?rest_route=%2Fwp%2Fv2%2Fproduct_tag&post=384"}],"curies":[{"name":"wp","href":"https:\/\/api.w.org\/{rel}","templated":true}]}}