{"id":374,"date":"2023-08-30T19:48:20","date_gmt":"2023-08-30T17:48:20","guid":{"rendered":"https:\/\/finascrap.pl\/?post_type=product&#038;p=374"},"modified":"2026-01-11T18:31:16","modified_gmt":"2026-01-11T17:31:16","slug":"kartka-zamek-z-piasku","status":"publish","type":"product","link":"https:\/\/finascrap.pl\/?product=kartka-zamek-z-piasku","title":{"rendered":"Kartka &#8222;Zamek z piasku&#8221;"},"content":{"rendered":"<p>Warstwowa kartka zawieraj\u0105ca zak\u0142adk\u0119, za kt\u00f3r\u0105 zmieszcz\u0105 si\u0119 pieni\u0105dze, bony podarunkowe, zdj\u0119cia lub dodatkowe \u017cyczenia. Ok\u0142adk\u0119 zdobi shaker, czyli okienko wype\u0142nione drobnymi kamyczkami z brokatem, kt\u00f3re przesuwaj\u0105 si\u0119 podczas potrz\u0105sania.<br \/>\nKartka b\u0119dzie idealnym dodatkiem do upominku dla osoby, kt\u00f3ra sw\u00f3j wolny\u00a0 czas najch\u0119tniej sp\u0119dza z ksi\u0105\u017ck\u0105.<\/p>\n<p>&nbsp;<\/p>\n","protected":false},"excerpt":{"rendered":"<p>Kartka\u00a0DL<\/p>\n<p>Wymiary: 10cm x 21cm<br \/>\nOpakowanie (delikatny kartonik) o wymiarach: 11cm x 22 cm<\/p>\n","protected":false},"featured_media":377,"template":"","meta":[],"product_cat":[174],"product_tag":[70,49,34,45,69],"class_list":{"0":"post-374","1":"product","2":"type-product","3":"status-publish","4":"has-post-thumbnail","6":"product_cat-kartki","7":"product_tag-hobby","8":"product_tag-imieniny","9":"product_tag-kartka","10":"product_tag-urodziny","11":"product_tag-zmiana-pracy","12":"pa_okladka-bez-personalizacji","13":"pa_okladka-z-personalizacja","14":"pa_wnetrze-puste-miejsce-na-zyczenia","15":"pa_wnetrze-wydrukowany-tekst-przeslany-przez-klienta","17":"first","18":"instock","19":"sold-individually","20":"shipping-taxable","21":"product-type-simple"},"_links":{"self":[{"href":"https:\/\/finascrap.pl\/index.php?rest_route=\/wp\/v2\/product\/374","targetHints":{"allow":["GET"]}}],"collection":[{"href":"https:\/\/finascrap.pl\/index.php?rest_route=\/wp\/v2\/product"}],"about":[{"href":"https:\/\/finascrap.pl\/index.php?rest_route=\/wp\/v2\/types\/product"}],"wp:featuredmedia":[{"embeddable":true,"href":"https:\/\/finascrap.pl\/index.php?rest_route=\/wp\/v2\/media\/377"}],"wp:attachment":[{"href":"https:\/\/finascrap.pl\/index.php?rest_route=%2Fwp%2Fv2%2Fmedia&parent=374"}],"wp:term":[{"taxonomy":"product_cat","embeddable":true,"href":"https:\/\/finascrap.pl\/index.php?rest_route=%2Fwp%2Fv2%2Fproduct_cat&post=374"},{"taxonomy":"product_tag","embeddable":true,"href":"https:\/\/finascrap.pl\/index.php?rest_route=%2Fwp%2Fv2%2Fproduct_tag&post=374"}],"curies":[{"name":"wp","href":"https:\/\/api.w.org\/{rel}","templated":true}]}}