{"id":366,"date":"2023-08-30T14:05:12","date_gmt":"2023-08-30T12:05:12","guid":{"rendered":"https:\/\/finascrap.pl\/?post_type=product&#038;p=366"},"modified":"2026-01-11T18:32:08","modified_gmt":"2026-01-11T17:32:08","slug":"kartka-podazaj-za-marzeniami","status":"publish","type":"product","link":"https:\/\/finascrap.pl\/?product=kartka-podazaj-za-marzeniami","title":{"rendered":"Kartka &#8222;Pod\u0105\u017caj za marzeniami&#8221;"},"content":{"rendered":"<p>Warstwowa kartka z zak\u0142adk\u0105 na pieni\u0105dze, bony podarunkowe, zdj\u0119cia, dodatkowe \u017cyczenia, itp.<\/p>\n<p>Mo\u017cna j\u0105 wr\u0119czy\u0107 z okazji urodzin, imienin, zmiany pracy lub podj\u0119cia innej wa\u017cnej \u017cyciowej decyzji.<\/p>\n<p>&nbsp;<\/p>\n<div class=\"woocommerce-tabs wc-tabs-wrapper\"><\/div>\n","protected":false},"excerpt":{"rendered":"<p>Kartka\u00a0DL<\/p>\n<p>Wymiary: 10cm x 21cm<br \/>\nOpakowanie (delikatny kartonik) o wymiarach: 11cm x 22 cm<\/p>\n","protected":false},"featured_media":369,"template":"","meta":[],"product_cat":[224],"product_tag":[47,49,45,69],"class_list":{"0":"post-366","1":"product","2":"type-product","3":"status-publish","4":"has-post-thumbnail","6":"product_cat-kartki-w-pudelku","7":"product_tag-gratulacje","8":"product_tag-imieniny","9":"product_tag-urodziny","10":"product_tag-zmiana-pracy","11":"pa_okladka-bez-personalizacji","12":"pa_okladka-z-personalizacja","13":"pa_wnetrze-puste-miejsce-na-zyczenia","14":"pa_wnetrze-wydrukowany-tekst-przeslany-przez-klienta","16":"first","17":"instock","18":"sold-individually","19":"shipping-taxable","20":"purchasable","21":"product-type-simple"},"_links":{"self":[{"href":"https:\/\/finascrap.pl\/index.php?rest_route=\/wp\/v2\/product\/366","targetHints":{"allow":["GET"]}}],"collection":[{"href":"https:\/\/finascrap.pl\/index.php?rest_route=\/wp\/v2\/product"}],"about":[{"href":"https:\/\/finascrap.pl\/index.php?rest_route=\/wp\/v2\/types\/product"}],"wp:featuredmedia":[{"embeddable":true,"href":"https:\/\/finascrap.pl\/index.php?rest_route=\/wp\/v2\/media\/369"}],"wp:attachment":[{"href":"https:\/\/finascrap.pl\/index.php?rest_route=%2Fwp%2Fv2%2Fmedia&parent=366"}],"wp:term":[{"taxonomy":"product_cat","embeddable":true,"href":"https:\/\/finascrap.pl\/index.php?rest_route=%2Fwp%2Fv2%2Fproduct_cat&post=366"},{"taxonomy":"product_tag","embeddable":true,"href":"https:\/\/finascrap.pl\/index.php?rest_route=%2Fwp%2Fv2%2Fproduct_tag&post=366"}],"curies":[{"name":"wp","href":"https:\/\/api.w.org\/{rel}","templated":true}]}}