{"id":357,"date":"2023-08-30T13:19:38","date_gmt":"2023-08-30T11:19:38","guid":{"rendered":"https:\/\/finascrap.pl\/?post_type=product&#038;p=357"},"modified":"2026-01-11T18:32:48","modified_gmt":"2026-01-11T17:32:48","slug":"kartka-lets-have-some-fun","status":"publish","type":"product","link":"https:\/\/finascrap.pl\/?product=kartka-lets-have-some-fun","title":{"rendered":"Kartka &#8222;Let&#8217;s have some fun&#8221;"},"content":{"rendered":"<p>Warstwowa kartka zawieraj\u0105ca zak\u0142adk\u0119, za kt\u00f3r\u0105 zmieszcz\u0105 si\u0119 pieni\u0105dze, bony podarunkowe, zdj\u0119cia lub dodatkowe \u017cyczenia.<\/p>\n<p>Mo\u017cna j\u0105 wr\u0119czy\u0107 z okazji urodzin, imienin, jako pami\u0105tk\u0119 Wieczoru Panie\u0144skiego lub innego wa\u017cnego wydarzenia.<\/p>\n<p>&nbsp;<\/p>\n","protected":false},"excerpt":{"rendered":"<p>Kartka DL<\/p>\n<p>Wymiary: 10cm x 21cm<br \/>\nOpakowanie (delikatny kartonik) o wymiarach: 11cm x 22 cm<\/p>\n","protected":false},"featured_media":360,"template":"","meta":[],"product_cat":[224],"product_tag":[49,45,44],"class_list":{"0":"post-357","1":"product","2":"type-product","3":"status-publish","4":"has-post-thumbnail","6":"product_cat-kartki-w-pudelku","7":"product_tag-imieniny","8":"product_tag-urodziny","9":"product_tag-wieczor-panienski","10":"pa_okladka-bez-personalizacji","11":"pa_okladka-z-personalizacja","12":"pa_wnetrze-puste-miejsce-na-zyczenia","13":"pa_wnetrze-wydrukowany-tekst-przeslany-przez-klienta","15":"first","16":"instock","17":"sold-individually","18":"shipping-taxable","19":"purchasable","20":"product-type-simple"},"_links":{"self":[{"href":"https:\/\/finascrap.pl\/index.php?rest_route=\/wp\/v2\/product\/357","targetHints":{"allow":["GET"]}}],"collection":[{"href":"https:\/\/finascrap.pl\/index.php?rest_route=\/wp\/v2\/product"}],"about":[{"href":"https:\/\/finascrap.pl\/index.php?rest_route=\/wp\/v2\/types\/product"}],"wp:featuredmedia":[{"embeddable":true,"href":"https:\/\/finascrap.pl\/index.php?rest_route=\/wp\/v2\/media\/360"}],"wp:attachment":[{"href":"https:\/\/finascrap.pl\/index.php?rest_route=%2Fwp%2Fv2%2Fmedia&parent=357"}],"wp:term":[{"taxonomy":"product_cat","embeddable":true,"href":"https:\/\/finascrap.pl\/index.php?rest_route=%2Fwp%2Fv2%2Fproduct_cat&post=357"},{"taxonomy":"product_tag","embeddable":true,"href":"https:\/\/finascrap.pl\/index.php?rest_route=%2Fwp%2Fv2%2Fproduct_tag&post=357"}],"curies":[{"name":"wp","href":"https:\/\/api.w.org\/{rel}","templated":true}]}}