{"id":348,"date":"2023-08-30T13:08:58","date_gmt":"2023-08-30T11:08:58","guid":{"rendered":"https:\/\/finascrap.pl\/?post_type=product&#038;p=348"},"modified":"2026-01-11T18:33:21","modified_gmt":"2026-01-11T17:33:21","slug":"kartka-najlepszego","status":"publish","type":"product","link":"https:\/\/finascrap.pl\/?product=kartka-najlepszego","title":{"rendered":"Kartka &#8222;Najlepszego&#8221;"},"content":{"rendered":"<p>Warstwowa kartka z t\u0119czow\u0105 makram\u0105 z masy modelarskiej. Wewn\u0105trz kartki znajduje si\u0119 zak\u0142adka, za kt\u00f3r\u0105 zmieszcz\u0105 si\u0119 pieni\u0105dze, bony podarunkowe lub dodatkowe \u017cyczenia.<\/p>\n<p>Mo\u017cna j\u0105 wr\u0119czy\u0107 z okazji urodzin, imienin, jako pami\u0105tk\u0119 Wieczoru Panie\u0144skiego lub innego wa\u017cnego wydarzenia.<\/p>\n<p>&nbsp;<\/p>\n<div class=\"woocommerce-tabs wc-tabs-wrapper\">\n<div id=\"tab-description\" class=\"woocommerce-Tabs-panel woocommerce-Tabs-panel--description panel entry-content wc-tab\" role=\"tabpanel\" aria-labelledby=\"tab-title-description\">\n<p>&nbsp;<\/p>\n<\/div>\n<\/div>\n","protected":false},"excerpt":{"rendered":"<p>Kartka\u00a0DL<\/p>\n<p>Wymiary: 10cm x 21cm<br \/>\nOpakowanie (delikatny kartonik) o wymiarach: 11cm x 22 cm<\/p>\n","protected":false},"featured_media":350,"template":"","meta":[],"product_cat":[224],"product_tag":[49,34,68,45,44],"class_list":{"0":"post-348","1":"product","2":"type-product","3":"status-publish","4":"has-post-thumbnail","6":"product_cat-kartki-w-pudelku","7":"product_tag-imieniny","8":"product_tag-kartka","9":"product_tag-przyjazn","10":"product_tag-urodziny","11":"product_tag-wieczor-panienski","12":"pa_okladka-bez-personalizacji","13":"pa_okladka-z-personalizacja","14":"pa_wnetrze-puste-miejsce-na-zyczenia","15":"pa_wnetrze-wydrukowany-tekst-przeslany-przez-klienta","17":"first","18":"instock","19":"sold-individually","20":"shipping-taxable","21":"purchasable","22":"product-type-simple"},"_links":{"self":[{"href":"https:\/\/finascrap.pl\/index.php?rest_route=\/wp\/v2\/product\/348","targetHints":{"allow":["GET"]}}],"collection":[{"href":"https:\/\/finascrap.pl\/index.php?rest_route=\/wp\/v2\/product"}],"about":[{"href":"https:\/\/finascrap.pl\/index.php?rest_route=\/wp\/v2\/types\/product"}],"wp:featuredmedia":[{"embeddable":true,"href":"https:\/\/finascrap.pl\/index.php?rest_route=\/wp\/v2\/media\/350"}],"wp:attachment":[{"href":"https:\/\/finascrap.pl\/index.php?rest_route=%2Fwp%2Fv2%2Fmedia&parent=348"}],"wp:term":[{"taxonomy":"product_cat","embeddable":true,"href":"https:\/\/finascrap.pl\/index.php?rest_route=%2Fwp%2Fv2%2Fproduct_cat&post=348"},{"taxonomy":"product_tag","embeddable":true,"href":"https:\/\/finascrap.pl\/index.php?rest_route=%2Fwp%2Fv2%2Fproduct_tag&post=348"}],"curies":[{"name":"wp","href":"https:\/\/api.w.org\/{rel}","templated":true}]}}