{"id":207,"date":"2023-08-28T21:05:42","date_gmt":"2023-08-28T19:05:42","guid":{"rendered":"https:\/\/finascrap.pl\/?post_type=product&#038;p=207"},"modified":"2026-01-11T18:33:55","modified_gmt":"2026-01-11T17:33:55","slug":"magnes-dzien-matki-mg0223","status":"publish","type":"product","link":"https:\/\/finascrap.pl\/?product=magnes-dzien-matki-mg0223","title":{"rendered":"Magnes &#8222;Dzie\u0144 Matki&#8221;"},"content":{"rendered":"<p>Magnes z ulubionym motywem to doskona\u0142a ozdoba ka\u017cdej kuchni. Pij\u0105c porann\u0105 kaw\u0119, zerknij koniecznie na pozytywne, motywuj\u0105ce do dzia\u0142ania has\u0142o, a wtedy ka\u017cdy, nawet pochmurny dzie\u0144, stanie si\u0119 pi\u0119kniejszy.<\/p>\n<p>Taki magnes to doskona\u0142y zamiennik tradycyjnej kartki. Je\u015bli obdarowana osoba umie\u015bci go na lod\u00f3wce, mo\u017cesz mie\u0107 pewno\u015b\u0107, \u017ce o Tobie nie zapomni.<\/p>\n","protected":false},"excerpt":{"rendered":"<p>Magnes na lod\u00f3wk\u0119 Dzie\u0144 Matki<\/p>\n<p>Wymiary: 10 cm x 10 cm<br \/>\nOpakowanie (delikatny kartonik): 10,5 cm x 10,5 cm<\/p>\n","protected":false},"featured_media":208,"template":"","meta":[],"product_cat":[174],"product_tag":[50,48],"class_list":{"0":"post-207","1":"product","2":"type-product","3":"status-publish","4":"has-post-thumbnail","6":"product_cat-kartki","7":"product_tag-dzien-matki","8":"product_tag-magnes","10":"first","11":"instock","12":"sold-individually","13":"shipping-taxable","14":"product-type-simple"},"_links":{"self":[{"href":"https:\/\/finascrap.pl\/index.php?rest_route=\/wp\/v2\/product\/207","targetHints":{"allow":["GET"]}}],"collection":[{"href":"https:\/\/finascrap.pl\/index.php?rest_route=\/wp\/v2\/product"}],"about":[{"href":"https:\/\/finascrap.pl\/index.php?rest_route=\/wp\/v2\/types\/product"}],"wp:featuredmedia":[{"embeddable":true,"href":"https:\/\/finascrap.pl\/index.php?rest_route=\/wp\/v2\/media\/208"}],"wp:attachment":[{"href":"https:\/\/finascrap.pl\/index.php?rest_route=%2Fwp%2Fv2%2Fmedia&parent=207"}],"wp:term":[{"taxonomy":"product_cat","embeddable":true,"href":"https:\/\/finascrap.pl\/index.php?rest_route=%2Fwp%2Fv2%2Fproduct_cat&post=207"},{"taxonomy":"product_tag","embeddable":true,"href":"https:\/\/finascrap.pl\/index.php?rest_route=%2Fwp%2Fv2%2Fproduct_tag&post=207"}],"curies":[{"name":"wp","href":"https:\/\/api.w.org\/{rel}","templated":true}]}}