{"id":201,"date":"2023-08-28T20:58:37","date_gmt":"2023-08-28T18:58:37","guid":{"rendered":"https:\/\/finascrap.pl\/?post_type=product&#038;p=201"},"modified":"2026-01-11T18:34:33","modified_gmt":"2026-01-11T17:34:33","slug":"kartka-dla-przyjaciela-k0723","status":"publish","type":"product","link":"https:\/\/finascrap.pl\/?product=kartka-dla-przyjaciela-k0723","title":{"rendered":"Kartka &#8222;Kotki&#8221;"},"content":{"rendered":"<p>Warstwowa kartka, kt\u00f3r\u0105 mo\u017cna wr\u0119czy\u0107 z okazji urodzin, imienin, \u015blubu\u00a0 lub po prostu z czystej sympatii. W \u015brodku zawiera zak\u0142adk\u0119 na pieni\u0105dze, bony podarunkowe lub dodatkowe \u017cyczenia.<\/p>\n<p>&nbsp;<\/p>\n","protected":false},"excerpt":{"rendered":"<p>Kartka dla Przyjaciela<\/p>\n<p>Wymiary: ok. 10,5cm x 14cm<br \/>\nOpakowanie (delikatny kartonik) o wymiarach: ok. 11cm x 15cm<\/p>\n","protected":false},"featured_media":205,"template":"","meta":[],"product_cat":[224],"product_tag":[49,34,45],"class_list":{"0":"post-201","1":"product","2":"type-product","3":"status-publish","4":"has-post-thumbnail","6":"product_cat-kartki-w-pudelku","7":"product_tag-imieniny","8":"product_tag-kartka","9":"product_tag-urodziny","10":"pa_okladka-bez-personalizacji","11":"pa_okladka-z-personalizacja","12":"pa_wnetrze-puste-miejsce-na-zyczenia","13":"pa_wnetrze-wydrukowany-tekst-przeslany-przez-klienta","15":"first","16":"instock","17":"sold-individually","18":"shipping-taxable","19":"purchasable","20":"product-type-simple"},"_links":{"self":[{"href":"https:\/\/finascrap.pl\/index.php?rest_route=\/wp\/v2\/product\/201","targetHints":{"allow":["GET"]}}],"collection":[{"href":"https:\/\/finascrap.pl\/index.php?rest_route=\/wp\/v2\/product"}],"about":[{"href":"https:\/\/finascrap.pl\/index.php?rest_route=\/wp\/v2\/types\/product"}],"wp:featuredmedia":[{"embeddable":true,"href":"https:\/\/finascrap.pl\/index.php?rest_route=\/wp\/v2\/media\/205"}],"wp:attachment":[{"href":"https:\/\/finascrap.pl\/index.php?rest_route=%2Fwp%2Fv2%2Fmedia&parent=201"}],"wp:term":[{"taxonomy":"product_cat","embeddable":true,"href":"https:\/\/finascrap.pl\/index.php?rest_route=%2Fwp%2Fv2%2Fproduct_cat&post=201"},{"taxonomy":"product_tag","embeddable":true,"href":"https:\/\/finascrap.pl\/index.php?rest_route=%2Fwp%2Fv2%2Fproduct_tag&post=201"}],"curies":[{"name":"wp","href":"https:\/\/api.w.org\/{rel}","templated":true}]}}