{"id":197,"date":"2023-08-28T19:38:31","date_gmt":"2023-08-28T17:38:31","guid":{"rendered":"https:\/\/finascrap.pl\/?post_type=product&#038;p=197"},"modified":"2026-01-10T19:32:09","modified_gmt":"2026-01-10T18:32:09","slug":"magnes-na-lodowke-jezyk-mg0123","status":"publish","type":"product","link":"https:\/\/finascrap.pl\/?product=magnes-na-lodowke-jezyk-mg0123","title":{"rendered":"Magnes na lod\u00f3wk\u0119 &#8222;Je\u017cyk&#8221;"},"content":{"rendered":"<p>Magnes z ulubionym motywem to doskona\u0142a ozdoba ka\u017cdej kuchni. Pij\u0105c porann\u0105 kaw\u0119, zerknij koniecznie na pozytywne, motywuj\u0105ce do dzia\u0142ania has\u0142o, a wtedy ka\u017cdy, nawet pochmurny dzie\u0144, stanie si\u0119 pi\u0119kniejszy.<\/p>\n<p>Taki magnes to doskona\u0142y zamiennik tradycyjnej kartki. Je\u015bli obdarowana osoba umie\u015bci go na lod\u00f3wce, b\u0119dziesz mie\u0107 pewno\u015b\u0107, \u017ce o Tobie nie zapomni.<\/p>\n","protected":false},"excerpt":{"rendered":"<p>Magnes na lod\u00f3wk\u0119<\/p>\n<p>Wymiary: 6 cm x 9,5 cm<br \/>\nOpakowanie (delikatny kartonik): 6,5 cm x 10 cm<\/p>\n","protected":false},"featured_media":199,"template":"","meta":[],"product_cat":[223],"product_tag":[49,48,45],"class_list":{"0":"post-197","1":"product","2":"type-product","3":"status-publish","4":"has-post-thumbnail","6":"product_cat-magnesy","7":"product_tag-imieniny","8":"product_tag-magnes","9":"product_tag-urodziny","11":"first","12":"instock","13":"sold-individually","14":"shipping-taxable","15":"purchasable","16":"product-type-simple"},"_links":{"self":[{"href":"https:\/\/finascrap.pl\/index.php?rest_route=\/wp\/v2\/product\/197","targetHints":{"allow":["GET"]}}],"collection":[{"href":"https:\/\/finascrap.pl\/index.php?rest_route=\/wp\/v2\/product"}],"about":[{"href":"https:\/\/finascrap.pl\/index.php?rest_route=\/wp\/v2\/types\/product"}],"wp:featuredmedia":[{"embeddable":true,"href":"https:\/\/finascrap.pl\/index.php?rest_route=\/wp\/v2\/media\/199"}],"wp:attachment":[{"href":"https:\/\/finascrap.pl\/index.php?rest_route=%2Fwp%2Fv2%2Fmedia&parent=197"}],"wp:term":[{"taxonomy":"product_cat","embeddable":true,"href":"https:\/\/finascrap.pl\/index.php?rest_route=%2Fwp%2Fv2%2Fproduct_cat&post=197"},{"taxonomy":"product_tag","embeddable":true,"href":"https:\/\/finascrap.pl\/index.php?rest_route=%2Fwp%2Fv2%2Fproduct_tag&post=197"}],"curies":[{"name":"wp","href":"https:\/\/api.w.org\/{rel}","templated":true}]}}