{"id":185,"date":"2023-08-28T19:13:22","date_gmt":"2023-08-28T17:13:22","guid":{"rendered":"https:\/\/finascrap.pl\/?post_type=product&#038;p=185"},"modified":"2026-01-11T18:35:58","modified_gmt":"2026-01-11T17:35:58","slug":"kartka-dla-kobiety-k0523","status":"publish","type":"product","link":"https:\/\/finascrap.pl\/?product=kartka-dla-kobiety-k0523","title":{"rendered":"Kartka &#8222;Hugs and Kisses&#8221;"},"content":{"rendered":"<p>Ta kartka spodoba si\u0119 ka\u017cdej energicznej, pewnej siebie Kobiecie.<\/p>\n<p>Ok\u0142adk\u0119 zdobi shaker, czyli okienko wype\u0142nione drobinkami z brokatem, kt\u00f3re przesuwaj\u0105 si\u0119 podczas potrz\u0105sania. Wewn\u0105trz kartki znajduje si\u0119 ruchome okienko, kt\u00f3re otwiera si\u0119 automatycznie, ukazuj\u0105c ukryty napis. Za okienkiem schowana jest kieszonka na \u017cyczenia (kt\u00f3re mo\u017cna umie\u015bci\u0107 na tagu).<\/p>\n<p>&nbsp;<\/p>\n","protected":false},"excerpt":{"rendered":"<p>Kartka dla Kobiety z okazji urodzin, imienin, jako pami\u0105tka Wieczoru Panie\u0144skiego.<\/p>\n<p>Wymiary: ok. 13cm x 13cm<br \/>\nOpakowanie (delikatny kartonik) o wymiarach: ok. 14cm x 14cm<\/p>\n","protected":false},"featured_media":187,"template":"","meta":[],"product_cat":[225],"product_tag":[34,46,45,44],"class_list":{"0":"post-185","1":"product","2":"type-product","3":"status-publish","4":"has-post-thumbnail","6":"product_cat-kartki-pop-up-box","7":"product_tag-kartka","8":"product_tag-kobieta","9":"product_tag-urodziny","10":"product_tag-wieczor-panienski","11":"pa_okladka-bez-personalizacji","12":"pa_okladka-z-personalizacja","13":"pa_wnetrze-puste-miejsce-na-zyczenia","14":"pa_wnetrze-wydrukowany-tekst-przeslany-przez-klienta","16":"first","17":"instock","18":"sold-individually","19":"shipping-taxable","20":"purchasable","21":"product-type-simple"},"_links":{"self":[{"href":"https:\/\/finascrap.pl\/index.php?rest_route=\/wp\/v2\/product\/185","targetHints":{"allow":["GET"]}}],"collection":[{"href":"https:\/\/finascrap.pl\/index.php?rest_route=\/wp\/v2\/product"}],"about":[{"href":"https:\/\/finascrap.pl\/index.php?rest_route=\/wp\/v2\/types\/product"}],"wp:featuredmedia":[{"embeddable":true,"href":"https:\/\/finascrap.pl\/index.php?rest_route=\/wp\/v2\/media\/187"}],"wp:attachment":[{"href":"https:\/\/finascrap.pl\/index.php?rest_route=%2Fwp%2Fv2%2Fmedia&parent=185"}],"wp:term":[{"taxonomy":"product_cat","embeddable":true,"href":"https:\/\/finascrap.pl\/index.php?rest_route=%2Fwp%2Fv2%2Fproduct_cat&post=185"},{"taxonomy":"product_tag","embeddable":true,"href":"https:\/\/finascrap.pl\/index.php?rest_route=%2Fwp%2Fv2%2Fproduct_tag&post=185"}],"curies":[{"name":"wp","href":"https:\/\/api.w.org\/{rel}","templated":true}]}}