{"id":179,"date":"2023-08-28T17:52:54","date_gmt":"2023-08-28T15:52:54","guid":{"rendered":"https:\/\/finascrap.pl\/?post_type=product&#038;p=179"},"modified":"2026-01-11T18:36:24","modified_gmt":"2026-01-11T17:36:24","slug":"kartka-pamiatka-pierwszej-komunii-swietej-k0423","status":"publish","type":"product","link":"https:\/\/finascrap.pl\/?product=kartka-pamiatka-pierwszej-komunii-swietej-k0423","title":{"rendered":"Kartka &#8222;Pami\u0105tka Pierwszej Komunii \u015awi\u0119tej 1&#8221;"},"content":{"rendered":"<p>Pami\u0105tka Pierwszej Komunii \u015awi\u0119tej. Kartka zawiera kieszonk\u0119 na pieni\u0105dze, bony podarunkowe lub dodatkowe \u017cyczenia.<\/p>\n<p>&nbsp;<\/p>\n","protected":false},"excerpt":{"rendered":"<p>Pami\u0105tka Pierwszej Komunii \u015awi\u0119tej<\/p>\n<p>Wymiary: ok. 13cm x 13cm<br \/>\nOpakowanie (delikatny kartonik) o wymiarach: ok. 14cm x 14cm<\/p>\n","protected":false},"featured_media":182,"template":"","meta":[],"product_cat":[174],"product_tag":[34,43],"class_list":{"0":"post-179","1":"product","2":"type-product","3":"status-publish","4":"has-post-thumbnail","6":"product_cat-kartki","7":"product_tag-kartka","8":"product_tag-komunia","9":"pa_okladka-bez-personalizacji","10":"pa_okladka-z-personalizacja","11":"pa_wnetrze-puste-miejsce-na-zyczenia","12":"pa_wnetrze-wydrukowany-tekst-przeslany-przez-klienta","14":"first","15":"instock","16":"sold-individually","17":"shipping-taxable","18":"product-type-simple"},"_links":{"self":[{"href":"https:\/\/finascrap.pl\/index.php?rest_route=\/wp\/v2\/product\/179","targetHints":{"allow":["GET"]}}],"collection":[{"href":"https:\/\/finascrap.pl\/index.php?rest_route=\/wp\/v2\/product"}],"about":[{"href":"https:\/\/finascrap.pl\/index.php?rest_route=\/wp\/v2\/types\/product"}],"wp:featuredmedia":[{"embeddable":true,"href":"https:\/\/finascrap.pl\/index.php?rest_route=\/wp\/v2\/media\/182"}],"wp:attachment":[{"href":"https:\/\/finascrap.pl\/index.php?rest_route=%2Fwp%2Fv2%2Fmedia&parent=179"}],"wp:term":[{"taxonomy":"product_cat","embeddable":true,"href":"https:\/\/finascrap.pl\/index.php?rest_route=%2Fwp%2Fv2%2Fproduct_cat&post=179"},{"taxonomy":"product_tag","embeddable":true,"href":"https:\/\/finascrap.pl\/index.php?rest_route=%2Fwp%2Fv2%2Fproduct_tag&post=179"}],"curies":[{"name":"wp","href":"https:\/\/api.w.org\/{rel}","templated":true}]}}