{"id":1641,"date":"2026-02-18T17:57:48","date_gmt":"2026-02-18T16:57:48","guid":{"rendered":"https:\/\/finascrap.pl\/?post_type=product&#038;p=1641"},"modified":"2026-02-18T18:02:44","modified_gmt":"2026-02-18T17:02:44","slug":"kartka-urodzinowa-z-niespodzianka","status":"publish","type":"product","link":"https:\/\/finascrap.pl\/?product=kartka-urodzinowa-z-niespodzianka","title":{"rendered":"Kartka urodzinowa z niespodziank\u0105"},"content":{"rendered":"<p>Kartka w stylu &#8222;pop up&#8221;. Po jej roz\u0142o\u017ceniu pojawia si\u0119 efekt 3D.<\/p>\n<p>&nbsp;<\/p>\n<p>&nbsp;<\/p>\n","protected":false},"excerpt":{"rendered":"<p>Kartka kwadratowa<\/p>\n<p>Wymiary: 13cm x 13cm<br \/>\nOpakowanie: koperta<\/p>\n","protected":false},"featured_media":1646,"template":"","meta":[],"product_cat":[225],"product_tag":[90,34,45,208],"class_list":{"0":"post-1641","1":"product","2":"type-product","3":"status-publish","4":"has-post-thumbnail","6":"product_cat-kartki-pop-up-box","7":"product_tag-dziecko","8":"product_tag-kartka","9":"product_tag-urodziny","10":"product_tag-zdjecia","11":"pa_okladka-bez-personalizacji","12":"pa_okladka-z-personalizacja","13":"pa_wnetrze-puste-miejsce-na-zyczenia","14":"pa_wnetrze-wydrukowany-tekst-przeslany-przez-klienta","16":"first","17":"instock","18":"sold-individually","19":"shipping-taxable","20":"purchasable","21":"product-type-simple"},"_links":{"self":[{"href":"https:\/\/finascrap.pl\/index.php?rest_route=\/wp\/v2\/product\/1641","targetHints":{"allow":["GET"]}}],"collection":[{"href":"https:\/\/finascrap.pl\/index.php?rest_route=\/wp\/v2\/product"}],"about":[{"href":"https:\/\/finascrap.pl\/index.php?rest_route=\/wp\/v2\/types\/product"}],"wp:featuredmedia":[{"embeddable":true,"href":"https:\/\/finascrap.pl\/index.php?rest_route=\/wp\/v2\/media\/1646"}],"wp:attachment":[{"href":"https:\/\/finascrap.pl\/index.php?rest_route=%2Fwp%2Fv2%2Fmedia&parent=1641"}],"wp:term":[{"taxonomy":"product_cat","embeddable":true,"href":"https:\/\/finascrap.pl\/index.php?rest_route=%2Fwp%2Fv2%2Fproduct_cat&post=1641"},{"taxonomy":"product_tag","embeddable":true,"href":"https:\/\/finascrap.pl\/index.php?rest_route=%2Fwp%2Fv2%2Fproduct_tag&post=1641"}],"curies":[{"name":"wp","href":"https:\/\/api.w.org\/{rel}","templated":true}]}}