{"id":1635,"date":"2026-02-18T17:52:27","date_gmt":"2026-02-18T16:52:27","guid":{"rendered":"https:\/\/finascrap.pl\/?post_type=product&#038;p=1635"},"modified":"2026-02-18T19:15:31","modified_gmt":"2026-02-18T18:15:31","slug":"kartka-dla-dziecka-maly-wielki-cud","status":"publish","type":"product","link":"https:\/\/finascrap.pl\/?product=kartka-dla-dziecka-maly-wielki-cud","title":{"rendered":"Kartka Dla Dziecka &#8222;Ma\u0142y, wielki Cud&#8221;"},"content":{"rendered":"<p>Delikatna warstwowa kartka, kt\u00f3r\u0105 mo\u017cna wr\u0119czy\u0107 z okazji narodzin Dziecka, Chrztu \u015aw., urodzin, itd. Kartka zawiera zak\u0142adk\u0119, za kt\u00f3r\u0105 mo\u017cna wsun\u0105\u0107 pieni\u0105dze, bony podarunkowe lub dodatkowe \u017cyczenia.<\/p>\n<p>Oferta dost\u0119pna te\u017c na Allegro: https:\/\/allegrolokalnie.pl\/oferta\/kartka-dla-dziecka-urodzinowa<\/p>\n<p>&nbsp;<\/p>\n","protected":false},"excerpt":{"rendered":"<p>Wymiary: ok. 13cm x 13cm<br \/>\nOpakowanie: pude\u0142ko<\/p>\n<p>&nbsp;<\/p>\n","protected":false},"featured_media":1636,"template":"","meta":[],"product_cat":[224],"product_tag":[40,90,47,34,150,167],"class_list":{"0":"post-1635","1":"product","2":"type-product","3":"status-publish","4":"has-post-thumbnail","6":"product_cat-kartki-w-pudelku","7":"product_tag-chrzest","8":"product_tag-dziecko","9":"product_tag-gratulacje","10":"product_tag-kartka","11":"product_tag-prezent","12":"product_tag-upominek","14":"first","15":"instock","16":"sold-individually","17":"shipping-taxable","18":"purchasable","19":"product-type-simple"},"_links":{"self":[{"href":"https:\/\/finascrap.pl\/index.php?rest_route=\/wp\/v2\/product\/1635","targetHints":{"allow":["GET"]}}],"collection":[{"href":"https:\/\/finascrap.pl\/index.php?rest_route=\/wp\/v2\/product"}],"about":[{"href":"https:\/\/finascrap.pl\/index.php?rest_route=\/wp\/v2\/types\/product"}],"wp:featuredmedia":[{"embeddable":true,"href":"https:\/\/finascrap.pl\/index.php?rest_route=\/wp\/v2\/media\/1636"}],"wp:attachment":[{"href":"https:\/\/finascrap.pl\/index.php?rest_route=%2Fwp%2Fv2%2Fmedia&parent=1635"}],"wp:term":[{"taxonomy":"product_cat","embeddable":true,"href":"https:\/\/finascrap.pl\/index.php?rest_route=%2Fwp%2Fv2%2Fproduct_cat&post=1635"},{"taxonomy":"product_tag","embeddable":true,"href":"https:\/\/finascrap.pl\/index.php?rest_route=%2Fwp%2Fv2%2Fproduct_tag&post=1635"}],"curies":[{"name":"wp","href":"https:\/\/api.w.org\/{rel}","templated":true}]}}