{"id":163,"date":"2023-08-25T12:17:19","date_gmt":"2023-08-25T10:17:19","guid":{"rendered":"https:\/\/finascrap.pl\/?post_type=product&#038;p=163"},"modified":"2026-01-11T18:39:00","modified_gmt":"2026-01-11T17:39:00","slug":"kartka-z-okazji-narodzin-dziecka-k0323","status":"publish","type":"product","link":"https:\/\/finascrap.pl\/?product=kartka-z-okazji-narodzin-dziecka-k0323","title":{"rendered":"Kartka &#8222;Dziecko 2&#8221; zielona"},"content":{"rendered":"<p>Warstwowa kartka, kt\u00f3r\u0105 mo\u017cna wr\u0119czy\u0107 z okazji narodzin dziecka, urodzin lub Chrztu \u015awi\u0119tego. W \u015brodku zawiera kieszonk\u0119 na pieni\u0105dze, bony podarunkowe lub dodatkowe \u017cyczenia.<\/p>\n<p>&nbsp;<\/p>\n","protected":false},"excerpt":{"rendered":"<p>Pami\u0105tka dla Rodzic\u00f3w i Dziecka<\/p>\n<p>Wymiary: ok. 13cm x 13cm<br \/>\nOpakowanie (delikatny kartonik) o wymiarach: ok. 14cm x 14cm<\/p>\n<p>&nbsp;<\/p>\n","protected":false},"featured_media":164,"template":"","meta":[],"product_cat":[174],"product_tag":[34,41],"class_list":{"0":"post-163","1":"product","2":"type-product","3":"status-publish","4":"has-post-thumbnail","6":"product_cat-kartki","7":"product_tag-kartka","8":"product_tag-narodziny-dziecka","9":"pa_okladka-bez-personalizacji","10":"pa_okladka-z-personalizacja","12":"first","13":"instock","14":"sold-individually","15":"shipping-taxable","16":"product-type-simple"},"_links":{"self":[{"href":"https:\/\/finascrap.pl\/index.php?rest_route=\/wp\/v2\/product\/163","targetHints":{"allow":["GET"]}}],"collection":[{"href":"https:\/\/finascrap.pl\/index.php?rest_route=\/wp\/v2\/product"}],"about":[{"href":"https:\/\/finascrap.pl\/index.php?rest_route=\/wp\/v2\/types\/product"}],"wp:featuredmedia":[{"embeddable":true,"href":"https:\/\/finascrap.pl\/index.php?rest_route=\/wp\/v2\/media\/164"}],"wp:attachment":[{"href":"https:\/\/finascrap.pl\/index.php?rest_route=%2Fwp%2Fv2%2Fmedia&parent=163"}],"wp:term":[{"taxonomy":"product_cat","embeddable":true,"href":"https:\/\/finascrap.pl\/index.php?rest_route=%2Fwp%2Fv2%2Fproduct_cat&post=163"},{"taxonomy":"product_tag","embeddable":true,"href":"https:\/\/finascrap.pl\/index.php?rest_route=%2Fwp%2Fv2%2Fproduct_tag&post=163"}],"curies":[{"name":"wp","href":"https:\/\/api.w.org\/{rel}","templated":true}]}}