{"id":1629,"date":"2026-02-18T17:47:01","date_gmt":"2026-02-18T16:47:01","guid":{"rendered":"https:\/\/finascrap.pl\/?post_type=product&#038;p=1629"},"modified":"2026-02-18T19:28:30","modified_gmt":"2026-02-18T18:28:30","slug":"kartka-dl-chrzest-sw-w-kopercie-10","status":"publish","type":"product","link":"https:\/\/finascrap.pl\/?product=kartka-dl-chrzest-sw-w-kopercie-10","title":{"rendered":"Kartka DL &#8222;Chrzest \u015aw.&#8221; w kopercie 10"},"content":{"rendered":"<p>Delikatna warstwowa Pami\u0105tka Chrztu \u015aw. Kartka zawiera zak\u0142adk\u0119, za kt\u00f3r\u0105 mo\u017cna wsun\u0105\u0107 pieni\u0105dze, bony podarunkowe lub dodatkowe \u017cyczenia.<\/p>\n<p>Oferta dost\u0119pna te\u017c na Allegro: https:\/\/allegrolokalnie.pl\/oferta\/kartka-boho-dl-chrzest-sw<\/p>\n<p>&nbsp;<\/p>\n<p>&nbsp;<\/p>\n","protected":false},"excerpt":{"rendered":"<p>Kartka DL<\/p>\n<p>Wymiary: ok. 10cm x 21cm<br \/>\nOpakowanie: koperta 3D<\/p>\n<p>&nbsp;<\/p>\n","protected":false},"featured_media":1631,"template":"","meta":[],"product_cat":[221],"product_tag":[40,90,47,34,150,167],"class_list":{"0":"post-1629","1":"product","2":"type-product","3":"status-publish","4":"has-post-thumbnail","6":"product_cat-kartki-w-kopercie","7":"product_tag-chrzest","8":"product_tag-dziecko","9":"product_tag-gratulacje","10":"product_tag-kartka","11":"product_tag-prezent","12":"product_tag-upominek","14":"first","15":"instock","16":"sold-individually","17":"shipping-taxable","18":"purchasable","19":"product-type-simple"},"_links":{"self":[{"href":"https:\/\/finascrap.pl\/index.php?rest_route=\/wp\/v2\/product\/1629","targetHints":{"allow":["GET"]}}],"collection":[{"href":"https:\/\/finascrap.pl\/index.php?rest_route=\/wp\/v2\/product"}],"about":[{"href":"https:\/\/finascrap.pl\/index.php?rest_route=\/wp\/v2\/types\/product"}],"wp:featuredmedia":[{"embeddable":true,"href":"https:\/\/finascrap.pl\/index.php?rest_route=\/wp\/v2\/media\/1631"}],"wp:attachment":[{"href":"https:\/\/finascrap.pl\/index.php?rest_route=%2Fwp%2Fv2%2Fmedia&parent=1629"}],"wp:term":[{"taxonomy":"product_cat","embeddable":true,"href":"https:\/\/finascrap.pl\/index.php?rest_route=%2Fwp%2Fv2%2Fproduct_cat&post=1629"},{"taxonomy":"product_tag","embeddable":true,"href":"https:\/\/finascrap.pl\/index.php?rest_route=%2Fwp%2Fv2%2Fproduct_tag&post=1629"}],"curies":[{"name":"wp","href":"https:\/\/api.w.org\/{rel}","templated":true}]}}