{"id":1494,"date":"2026-02-14T19:30:49","date_gmt":"2026-02-14T18:30:49","guid":{"rendered":"https:\/\/finascrap.pl\/?post_type=product&#038;p=1494"},"modified":"2026-02-14T19:34:53","modified_gmt":"2026-02-14T18:34:53","slug":"kartka-dl-chrzest-sw","status":"publish","type":"product","link":"https:\/\/finascrap.pl\/?product=kartka-dl-chrzest-sw","title":{"rendered":"Kartka DL &#8222;Chrzest \u015aw.&#8221;"},"content":{"rendered":"<p>Delikatna warstwowa Pami\u0105tka Chrztu \u015aw. Kartka zawiera zak\u0142adk\u0119, za kt\u00f3r\u0105 mo\u017cna wsun\u0105\u0107 pieni\u0105dze, bony podarunkowe lub dodatkowe \u017cyczenia.<\/p>\n<p>&nbsp;<\/p>\n<p>&nbsp;<\/p>\n","protected":false},"excerpt":{"rendered":"<p>Kartka DL<\/p>\n<p>Wymiary: ok. 10cm x 21cm<br \/>\nOpakowanie (delikatny kartonik) o wymiarach: ok. 11cm x 22 cm<\/p>\n<p>&nbsp;<\/p>\n","protected":false},"featured_media":1497,"template":"","meta":[],"product_cat":[174],"product_tag":[90,47,34,43,205,150,167],"class_list":{"0":"post-1494","1":"product","2":"type-product","3":"status-publish","4":"has-post-thumbnail","6":"product_cat-kartki","7":"product_tag-dziecko","8":"product_tag-gratulacje","9":"product_tag-kartka","10":"product_tag-komunia","11":"product_tag-komunia-swieta","12":"product_tag-prezent","13":"product_tag-upominek","15":"first","16":"instock","17":"sold-individually","18":"shipping-taxable","19":"product-type-simple"},"_links":{"self":[{"href":"https:\/\/finascrap.pl\/index.php?rest_route=\/wp\/v2\/product\/1494","targetHints":{"allow":["GET"]}}],"collection":[{"href":"https:\/\/finascrap.pl\/index.php?rest_route=\/wp\/v2\/product"}],"about":[{"href":"https:\/\/finascrap.pl\/index.php?rest_route=\/wp\/v2\/types\/product"}],"wp:featuredmedia":[{"embeddable":true,"href":"https:\/\/finascrap.pl\/index.php?rest_route=\/wp\/v2\/media\/1497"}],"wp:attachment":[{"href":"https:\/\/finascrap.pl\/index.php?rest_route=%2Fwp%2Fv2%2Fmedia&parent=1494"}],"wp:term":[{"taxonomy":"product_cat","embeddable":true,"href":"https:\/\/finascrap.pl\/index.php?rest_route=%2Fwp%2Fv2%2Fproduct_cat&post=1494"},{"taxonomy":"product_tag","embeddable":true,"href":"https:\/\/finascrap.pl\/index.php?rest_route=%2Fwp%2Fv2%2Fproduct_tag&post=1494"}],"curies":[{"name":"wp","href":"https:\/\/api.w.org\/{rel}","templated":true}]}}