{"id":1450,"date":"2025-08-05T14:09:09","date_gmt":"2025-08-05T12:09:09","guid":{"rendered":"https:\/\/finascrap.pl\/?post_type=product&#038;p=1450"},"modified":"2026-01-24T18:56:23","modified_gmt":"2026-01-24T17:56:23","slug":"kartki-sztalugowe-kwietniki-01","status":"publish","type":"product","link":"https:\/\/finascrap.pl\/?product=kartki-sztalugowe-kwietniki-01","title":{"rendered":"Kartki sztalugowe &#8222;Kwietniki&#8221; 01"},"content":{"rendered":"<p data-sourcepos=\"3:1-3:132\"><strong><span style=\"font-size: 1rem;\">Z<\/span><\/strong><strong style=\"font-size: 1rem;\">estaw 6 oryginalnych kartek sztalugowych<\/strong><span style=\"font-size: 1rem;\">.<\/span><\/p>\n<p data-sourcepos=\"5:1-5:290\">Te unikatowe kartki po otwarciu uk\u0142adaj\u0105 si\u0119 w przestrzenn\u0105 form\u0119, kt\u00f3ra przypomina urokliwe kwietniki. To nie tylko elegancki no\u015bnik \u017cycze\u0144, ale r\u00f3wnie\u017c miniaturowa dekoracja, kt\u00f3ra zachwyci ka\u017cdego klienta. W komplecie znajduje si\u0119 6 niepowtarzalnych kartek wraz z dopasowanymi kopertami.<\/p>\n<p data-sourcepos=\"7:1-7:202\">Je\u015bli szukaj\u0105 Pa\u0144stwo sposobu na wzbogacenie swojej oferty o oryginalne, przyci\u0105gaj\u0105ce wzrok produkty, ten zestaw b\u0119dzie doskona\u0142ym wyborem. Zach\u0119camy do kontaktu w celu om\u00f3wienia szczeg\u00f3\u0142\u00f3w wsp\u00f3\u0142pracy.<\/p>\n","protected":false},"excerpt":{"rendered":"<p><em><strong>Uwaga! Sprzeda\u017c przez stron\u0119 internetow\u0105 wstrzymana. W celu z\u0142o\u017cenia zam\u00f3wienia prosimy o kontakt mailowy: finascrap@gmail.com<\/strong><\/em><\/p>\n<p>Zestaw:<\/p>\n<p>-6 kartek o wymiarach ok. 10,5cm\/14,4cm<br \/>\n-6 kopert<br \/>\n-3 piki florystyczne (gratis)<\/p>\n<h3><em>Mo\u017cna je zobaczy\u0107 na <strong>Instagram<\/strong>:<br \/>\n<\/em><strong><a href=\"https:\/\/www.instagram.com\/p\/DM2hNRSNdLV\/\">https:\/\/www.instagram.com\/p\/DMLFwxjtlZm\/<\/a><\/strong><\/h3>\n","protected":false},"featured_media":1410,"template":"","meta":[],"product_cat":[225,219],"product_tag":[216,47,49,34,150,167,45],"class_list":{"0":"post-1450","1":"product","2":"type-product","3":"status-publish","4":"has-post-thumbnail","6":"product_cat-kartki-pop-up-box","7":"product_cat-zestawy-oferta-dla-kwiaciarni-itp","8":"product_tag-emerytura","9":"product_tag-gratulacje","10":"product_tag-imieniny","11":"product_tag-kartka","12":"product_tag-prezent","13":"product_tag-upominek","14":"product_tag-urodziny","16":"first","17":"instock","18":"sold-individually","19":"shipping-taxable","20":"purchasable","21":"product-type-simple"},"_links":{"self":[{"href":"https:\/\/finascrap.pl\/index.php?rest_route=\/wp\/v2\/product\/1450","targetHints":{"allow":["GET"]}}],"collection":[{"href":"https:\/\/finascrap.pl\/index.php?rest_route=\/wp\/v2\/product"}],"about":[{"href":"https:\/\/finascrap.pl\/index.php?rest_route=\/wp\/v2\/types\/product"}],"wp:featuredmedia":[{"embeddable":true,"href":"https:\/\/finascrap.pl\/index.php?rest_route=\/wp\/v2\/media\/1410"}],"wp:attachment":[{"href":"https:\/\/finascrap.pl\/index.php?rest_route=%2Fwp%2Fv2%2Fmedia&parent=1450"}],"wp:term":[{"taxonomy":"product_cat","embeddable":true,"href":"https:\/\/finascrap.pl\/index.php?rest_route=%2Fwp%2Fv2%2Fproduct_cat&post=1450"},{"taxonomy":"product_tag","embeddable":true,"href":"https:\/\/finascrap.pl\/index.php?rest_route=%2Fwp%2Fv2%2Fproduct_tag&post=1450"}],"curies":[{"name":"wp","href":"https:\/\/api.w.org\/{rel}","templated":true}]}}