{"id":1449,"date":"2025-08-05T13:56:22","date_gmt":"2025-08-05T11:56:22","guid":{"rendered":"https:\/\/finascrap.pl\/?post_type=product&#038;p=1449"},"modified":"2026-01-24T18:58:13","modified_gmt":"2026-01-24T17:58:13","slug":"kartki-z-ruchomym-elementem-sprezynki-01","status":"publish","type":"product","link":"https:\/\/finascrap.pl\/?product=kartki-z-ruchomym-elementem-sprezynki-01","title":{"rendered":"Kartki z ruchomym elementem &#8222;Spr\u0119\u017cynki&#8221; 01"},"content":{"rendered":"<p data-sourcepos=\"3:1-3:144\"><strong>Zestaw 6 niepowtarzalnych kartek z ciekawym ruchomym elementem<\/strong>.<\/p>\n<p data-sourcepos=\"5:1-5:280\">Ka\u017cda z kartek na ok\u0142adce skrywa dynamiczn\u0105 ozdob\u0119. To idealny dodatek do bukietu, kt\u00f3ry sprawi, \u017ce prezent nabierze osobistego i magicznego charakteru. W komplecie znajduje si\u0119 6 unikalnych kartek wraz z dopasowanymi kopertami.<\/p>\n<p data-sourcepos=\"7:1-7:202\">Je\u015bli szukaj\u0105 Pa\u0144stwo sposobu na wzbogacenie swojej oferty o oryginalne, przyci\u0105gaj\u0105ce wzrok produkty, ten zestaw b\u0119dzie doskona\u0142ym wyborem. Zach\u0119camy do kontaktu w celu om\u00f3wienia szczeg\u00f3\u0142\u00f3w wsp\u00f3\u0142pracy.<\/p>\n<p>&nbsp;<\/p>\n","protected":false},"excerpt":{"rendered":"<p><em><strong>Uwaga! Sprzeda\u017c przez stron\u0119 internetow\u0105 wstrzymana. W celu z\u0142o\u017cenia zam\u00f3wienia prosimy o kontakt mailowy: finascrap@gmail.com<\/strong><\/em><\/p>\n<p>Zestaw:<\/p>\n<p>-6 kartek o wymiarach ok. 10,5cm\/14,4cm<br \/>\n-6 kopert<br \/>\n-3 piki florystyczne (gratis)<\/p>\n<h2><em>Mo\u017cna je zobaczy\u0107 na <strong>Instagram<\/strong>:<\/em><strong><br \/>\n<a href=\"https:\/\/www.instagram.com\/p\/DMsAaCZtTlq\/\">https:\/\/www.instagram.com\/p\/DMLFwxjtlZm\/<\/a><\/strong><\/h2>\n","protected":false},"featured_media":1409,"template":"","meta":[],"product_cat":[221,219],"product_tag":[216,47,49,34,150,167,45],"class_list":{"0":"post-1449","1":"product","2":"type-product","3":"status-publish","4":"has-post-thumbnail","6":"product_cat-kartki-w-kopercie","7":"product_cat-zestawy-oferta-dla-kwiaciarni-itp","8":"product_tag-emerytura","9":"product_tag-gratulacje","10":"product_tag-imieniny","11":"product_tag-kartka","12":"product_tag-prezent","13":"product_tag-upominek","14":"product_tag-urodziny","16":"first","17":"instock","18":"sold-individually","19":"shipping-taxable","20":"purchasable","21":"product-type-simple"},"_links":{"self":[{"href":"https:\/\/finascrap.pl\/index.php?rest_route=\/wp\/v2\/product\/1449","targetHints":{"allow":["GET"]}}],"collection":[{"href":"https:\/\/finascrap.pl\/index.php?rest_route=\/wp\/v2\/product"}],"about":[{"href":"https:\/\/finascrap.pl\/index.php?rest_route=\/wp\/v2\/types\/product"}],"wp:featuredmedia":[{"embeddable":true,"href":"https:\/\/finascrap.pl\/index.php?rest_route=\/wp\/v2\/media\/1409"}],"wp:attachment":[{"href":"https:\/\/finascrap.pl\/index.php?rest_route=%2Fwp%2Fv2%2Fmedia&parent=1449"}],"wp:term":[{"taxonomy":"product_cat","embeddable":true,"href":"https:\/\/finascrap.pl\/index.php?rest_route=%2Fwp%2Fv2%2Fproduct_cat&post=1449"},{"taxonomy":"product_tag","embeddable":true,"href":"https:\/\/finascrap.pl\/index.php?rest_route=%2Fwp%2Fv2%2Fproduct_tag&post=1449"}],"curies":[{"name":"wp","href":"https:\/\/api.w.org\/{rel}","templated":true}]}}