{"id":1406,"date":"2025-08-05T11:15:29","date_gmt":"2025-08-05T09:15:29","guid":{"rendered":"https:\/\/finascrap.pl\/?post_type=product&#038;p=1406"},"modified":"2026-01-24T18:57:26","modified_gmt":"2026-01-24T17:57:26","slug":"kopertowki-slubne-01","status":"publish","type":"product","link":"https:\/\/finascrap.pl\/?product=kopertowki-slubne-01","title":{"rendered":"Kopert\u00f3wki &#8222;\u015alubne&#8221; 01"},"content":{"rendered":"<p data-sourcepos=\"3:1-3:124\">Kopert\u00f3wka \u015blubna to idealny zamiennik tradycyjnej kartki \u015blubnej. na Dzi\u0119ki niej mo\u017cna w ciekawy spos\u00f3b wr\u0119czy\u0107 pieni\u0105dze M\u0142odej Parze.<\/p>\n<p data-sourcepos=\"5:1-5:342\">Zestaw zawiera <strong>6 niepowtarzalnych Kopert\u00f3wek \u015alubnych<\/strong>, ka\u017cda z nich to unikatowe r\u0119kodzie\u0142o, kt\u00f3re zachwyca detalami. W \u015brodku ka\u017cdej kopert\u00f3wki znajduje si\u0119 miejsce na banknoty, a tak\u017ce ma\u0142a karteczka na osobiste \u017cyczenia. W komplecie znajduje si\u0119 r\u00f3wnie\u017c <strong>6 dopasowanych kopert<\/strong>, aby wr\u0119czenie prezentu by\u0142o jeszcze bardziej eleganckie.<\/p>\n<p data-sourcepos=\"7:1-7:215\">Dodatkowo, do zestawu do\u0142\u0105czono <strong>3 piki florystyczne<\/strong>, kt\u00f3re mo\u017cesz w\u0142o\u017cy\u0107 do kwiat\u00f3w lub wykorzysta\u0107 jako dodatkow\u0105 ozdob\u0119 prezentu. To drobny akcent, kt\u00f3ry sprawi, \u017ce upominek zostanie zapami\u0119tany na d\u0142ugo.<\/p>\n<p>&nbsp;<\/p>\n","protected":false},"excerpt":{"rendered":"<p><em><strong>Uwaga! Sprzeda\u017c przez stron\u0119 internetow\u0105 wstrzymana. W celu z\u0142o\u017cenia zam\u00f3wienia prosimy o kontakt mailowy: finascrap@gmail.com<\/strong><\/em><\/p>\n<p>Zestaw:<\/p>\n<p>-6 kartek o wymiarach ok. 10cm\/20cm<br \/>\n-6 kopert<br \/>\n-3 piki florystyczne (gratis)<\/p>\n<h3><em>Mo\u017cna je zobaczy\u0107 na <strong>Instagram<\/strong>: <\/em><strong>\u00a0<a href=\"https:\/\/www.instagram.com\/p\/DMLFwxjtlZm\/\">https:\/\/www.instagram.com\/p\/DMLFwxjtlZm\/<\/a><\/strong><\/h3>\n","protected":false},"featured_media":1407,"template":"","meta":[],"product_cat":[221,219],"product_tag":[216,47,49,34,150,167,45,44],"class_list":{"0":"post-1406","1":"product","2":"type-product","3":"status-publish","4":"has-post-thumbnail","6":"product_cat-kartki-w-kopercie","7":"product_cat-zestawy-oferta-dla-kwiaciarni-itp","8":"product_tag-emerytura","9":"product_tag-gratulacje","10":"product_tag-imieniny","11":"product_tag-kartka","12":"product_tag-prezent","13":"product_tag-upominek","14":"product_tag-urodziny","15":"product_tag-wieczor-panienski","17":"first","18":"instock","19":"sold-individually","20":"shipping-taxable","21":"purchasable","22":"product-type-simple"},"_links":{"self":[{"href":"https:\/\/finascrap.pl\/index.php?rest_route=\/wp\/v2\/product\/1406","targetHints":{"allow":["GET"]}}],"collection":[{"href":"https:\/\/finascrap.pl\/index.php?rest_route=\/wp\/v2\/product"}],"about":[{"href":"https:\/\/finascrap.pl\/index.php?rest_route=\/wp\/v2\/types\/product"}],"wp:featuredmedia":[{"embeddable":true,"href":"https:\/\/finascrap.pl\/index.php?rest_route=\/wp\/v2\/media\/1407"}],"wp:attachment":[{"href":"https:\/\/finascrap.pl\/index.php?rest_route=%2Fwp%2Fv2%2Fmedia&parent=1406"}],"wp:term":[{"taxonomy":"product_cat","embeddable":true,"href":"https:\/\/finascrap.pl\/index.php?rest_route=%2Fwp%2Fv2%2Fproduct_cat&post=1406"},{"taxonomy":"product_tag","embeddable":true,"href":"https:\/\/finascrap.pl\/index.php?rest_route=%2Fwp%2Fv2%2Fproduct_tag&post=1406"}],"curies":[{"name":"wp","href":"https:\/\/api.w.org\/{rel}","templated":true}]}}