{"id":130,"date":"2023-08-23T13:28:44","date_gmt":"2023-08-23T11:28:44","guid":{"rendered":"https:\/\/finascrap.pl\/?post_type=product&#038;p=130"},"modified":"2026-01-11T18:39:40","modified_gmt":"2026-01-11T17:39:40","slug":"kartka-slubna-dl-k0123","status":"publish","type":"product","link":"https:\/\/finascrap.pl\/?product=kartka-slubna-dl-k0123","title":{"rendered":"Kartka \u015blubna &#8222;Ko\u015bci\u00f3\u0142&#8221;"},"content":{"rendered":"<p>Delikatna warstwowa kartka \u015blubna z kieszonk\u0105, w kt\u00f3rej zmieszcz\u0105 si\u0119 pieni\u0105dze, bony podarunkowe lub dodatkowe \u017cyczenia.<\/p>\n<p>&nbsp;<\/p>\n","protected":false},"excerpt":{"rendered":"<p>Kartka \u015blubna DL<\/p>\n<p>Wymiary: 10cm x 21cm<br \/>\nOpakowanie (delikatny kartonik) o wymiarach: 11cm x 22 cm<\/p>\n<p>&nbsp;<\/p>\n<p>&nbsp;<\/p>\n<p>&nbsp;<\/p>\n","protected":false},"featured_media":191,"template":"","meta":[],"product_cat":[224],"product_tag":[34,35],"class_list":{"0":"post-130","1":"product","2":"type-product","3":"status-publish","4":"has-post-thumbnail","6":"product_cat-kartki-w-pudelku","7":"product_tag-kartka","8":"product_tag-slub","10":"first","11":"instock","12":"sold-individually","13":"shipping-taxable","14":"purchasable","15":"product-type-simple"},"_links":{"self":[{"href":"https:\/\/finascrap.pl\/index.php?rest_route=\/wp\/v2\/product\/130","targetHints":{"allow":["GET"]}}],"collection":[{"href":"https:\/\/finascrap.pl\/index.php?rest_route=\/wp\/v2\/product"}],"about":[{"href":"https:\/\/finascrap.pl\/index.php?rest_route=\/wp\/v2\/types\/product"}],"wp:featuredmedia":[{"embeddable":true,"href":"https:\/\/finascrap.pl\/index.php?rest_route=\/wp\/v2\/media\/191"}],"wp:attachment":[{"href":"https:\/\/finascrap.pl\/index.php?rest_route=%2Fwp%2Fv2%2Fmedia&parent=130"}],"wp:term":[{"taxonomy":"product_cat","embeddable":true,"href":"https:\/\/finascrap.pl\/index.php?rest_route=%2Fwp%2Fv2%2Fproduct_cat&post=130"},{"taxonomy":"product_tag","embeddable":true,"href":"https:\/\/finascrap.pl\/index.php?rest_route=%2Fwp%2Fv2%2Fproduct_tag&post=130"}],"curies":[{"name":"wp","href":"https:\/\/api.w.org\/{rel}","templated":true}]}}