{"id":1224,"date":"2024-08-31T09:49:10","date_gmt":"2024-08-31T07:49:10","guid":{"rendered":"https:\/\/finascrap.pl\/?post_type=product&#038;p=1224"},"modified":"2026-01-10T19:03:41","modified_gmt":"2026-01-10T18:03:41","slug":"kartka-rozowy-wozek","status":"publish","type":"product","link":"https:\/\/finascrap.pl\/?product=kartka-rozowy-wozek","title":{"rendered":"Kartka &#8222;R\u00f3\u017cowy w\u00f3zek&#8221;"},"content":{"rendered":"<p>Warstwowa kartka, kt\u00f3r\u0105 mo\u017cna wr\u0119czy\u0107 z okazji Chrztu \u015aw., Urodzin, itp. W \u015brodku znajduje si\u0119 kieszonka na pieni\u0105dze, bony podarunkowe lub dodatkowe \u017cyczenia.<\/p>\n<p>&nbsp;<\/p>\n","protected":false},"excerpt":{"rendered":"<p>Wymiary: ok. 13cmx13cm<br \/>\nOpakowanie: pude\u0142ko papierowe<\/p>\n","protected":false},"featured_media":1185,"template":"","meta":[],"product_cat":[224],"product_tag":[40,90,47,34,168,45],"class_list":{"0":"post-1224","1":"product","2":"type-product","3":"status-publish","4":"has-post-thumbnail","6":"product_cat-kartki-w-pudelku","7":"product_tag-chrzest","8":"product_tag-dziecko","9":"product_tag-gratulacje","10":"product_tag-kartka","11":"product_tag-rekodzielo","12":"product_tag-urodziny","13":"pa_okladka-bez-personalizacji","14":"pa_okladka-z-personalizacja","15":"pa_wnetrze-puste-miejsce-na-zyczenia","16":"pa_wnetrze-wydrukowany-tekst-przeslany-przez-klienta","18":"first","19":"instock","20":"sold-individually","21":"shipping-taxable","22":"purchasable","23":"product-type-simple"},"_links":{"self":[{"href":"https:\/\/finascrap.pl\/index.php?rest_route=\/wp\/v2\/product\/1224","targetHints":{"allow":["GET"]}}],"collection":[{"href":"https:\/\/finascrap.pl\/index.php?rest_route=\/wp\/v2\/product"}],"about":[{"href":"https:\/\/finascrap.pl\/index.php?rest_route=\/wp\/v2\/types\/product"}],"wp:featuredmedia":[{"embeddable":true,"href":"https:\/\/finascrap.pl\/index.php?rest_route=\/wp\/v2\/media\/1185"}],"wp:attachment":[{"href":"https:\/\/finascrap.pl\/index.php?rest_route=%2Fwp%2Fv2%2Fmedia&parent=1224"}],"wp:term":[{"taxonomy":"product_cat","embeddable":true,"href":"https:\/\/finascrap.pl\/index.php?rest_route=%2Fwp%2Fv2%2Fproduct_cat&post=1224"},{"taxonomy":"product_tag","embeddable":true,"href":"https:\/\/finascrap.pl\/index.php?rest_route=%2Fwp%2Fv2%2Fproduct_tag&post=1224"}],"curies":[{"name":"wp","href":"https:\/\/api.w.org\/{rel}","templated":true}]}}