{"id":1209,"date":"2024-08-31T09:36:32","date_gmt":"2024-08-31T07:36:32","guid":{"rendered":"https:\/\/finascrap.pl\/?post_type=product&#038;p=1209"},"modified":"2026-01-10T19:06:48","modified_gmt":"2026-01-10T18:06:48","slug":"kartka-dl-koronkowa","status":"publish","type":"product","link":"https:\/\/finascrap.pl\/?product=kartka-dl-koronkowa","title":{"rendered":"Kartka DL &#8222;Koronkowa&#8221;"},"content":{"rendered":"<p>Delikatna warstwowa kartka, kt\u00f3r\u0105 mo\u017cna wr\u0119czy\u0107 z okazji urodzin, przej\u015bcia na emerytur\u0119, imienin, itp.<\/p>\n<p>&nbsp;<\/p>\n","protected":false},"excerpt":{"rendered":"<p>Kartka DL<\/p>\n<p>Wymiary: ok. 10cm x 21cm<br \/>\nOpakowanie (delikatny kartonik) o wymiarach: ok. 11cm x 22 cm<\/p>\n<p>&nbsp;<\/p>\n","protected":false},"featured_media":1196,"template":"","meta":[],"product_cat":[224],"product_tag":[216,47,49,34,150,167,45,44],"class_list":{"0":"post-1209","1":"product","2":"type-product","3":"status-publish","4":"has-post-thumbnail","6":"product_cat-kartki-w-pudelku","7":"product_tag-emerytura","8":"product_tag-gratulacje","9":"product_tag-imieniny","10":"product_tag-kartka","11":"product_tag-prezent","12":"product_tag-upominek","13":"product_tag-urodziny","14":"product_tag-wieczor-panienski","16":"first","17":"instock","18":"sold-individually","19":"shipping-taxable","20":"purchasable","21":"product-type-simple"},"_links":{"self":[{"href":"https:\/\/finascrap.pl\/index.php?rest_route=\/wp\/v2\/product\/1209","targetHints":{"allow":["GET"]}}],"collection":[{"href":"https:\/\/finascrap.pl\/index.php?rest_route=\/wp\/v2\/product"}],"about":[{"href":"https:\/\/finascrap.pl\/index.php?rest_route=\/wp\/v2\/types\/product"}],"wp:featuredmedia":[{"embeddable":true,"href":"https:\/\/finascrap.pl\/index.php?rest_route=\/wp\/v2\/media\/1196"}],"wp:attachment":[{"href":"https:\/\/finascrap.pl\/index.php?rest_route=%2Fwp%2Fv2%2Fmedia&parent=1209"}],"wp:term":[{"taxonomy":"product_cat","embeddable":true,"href":"https:\/\/finascrap.pl\/index.php?rest_route=%2Fwp%2Fv2%2Fproduct_cat&post=1209"},{"taxonomy":"product_tag","embeddable":true,"href":"https:\/\/finascrap.pl\/index.php?rest_route=%2Fwp%2Fv2%2Fproduct_tag&post=1209"}],"curies":[{"name":"wp","href":"https:\/\/api.w.org\/{rel}","templated":true}]}}